{"id":2525,"date":"2024-10-02T11:11:49","date_gmt":"2024-10-02T11:11:49","guid":{"rendered":"https:\/\/ibercomp.com\/producto\/croom-eth-mx-2\/"},"modified":"2025-01-16T11:01:28","modified_gmt":"2025-01-16T11:01:28","slug":"croom-eth-mx-2","status":"publish","type":"product","link":"https:\/\/ibercomp.com\/en\/product\/croom-eth-mx-2\/","title":{"rendered":"cRoom ETH MX"},"content":{"rendered":"<ul>\n<li><strong>Single Power Supply<\/strong>: Works with 12V or 24V.<\/li>\n<li><strong>Rail Box<\/strong>: Occupies 9 modules.<\/li>\n<li><strong>Plug-in connections<\/strong>: All power strips are designed for easy maintenance.<\/li>\n<li><strong>Reprogrammable microcontroller<\/strong>: Low power consumption and remote reprogramming capability through sftp<\/li>\n<li><strong>Real Time Clock<\/strong>: Equipped with buffer capacitor to ensure time accuracy.<\/li>\n<li><strong>Diagnostic LEDs<\/strong>: Includes three LEDs to indicate the status of communications, CPU and doors\/windows.<\/li>\n<li><strong>SSR Outputs<\/strong>: It has 7 SSR outputs with 5A zero-crossing trip, suitable for light control at 110 or 230 VAC, all with a common fuse that allows reading the status.<\/li>\n<li><strong>Transistor Outputs<\/strong>: Includes 4 transistor outputs to control LED strips at 12V or 24V.<\/li>\n<li><strong>IR LED output<\/strong>: Provides visual feedback to housekeeping staff on room status (occupied, unoccupied or do not disturb).<\/li>\n<li><strong>Sensor inputs<\/strong>: It has 2 inputs for PIR sensors, 2 inputs for window and door sensors, one input for auxiliary push button and 2 inputs for temperature probes.<\/li>\n<\/ul>\n<p>This device enables effective climate and lighting control, enhancing the guest experience. It also facilitates integration with additional modules for access control, &#8220;do not disturb&#8221;, fa\u00e7ade lights, light outputs and button panels. The MODBUS cROOM ETH MX MODBUS CONTROLLER is characterized by its robustness. <\/p>\n","protected":false},"excerpt":{"rendered":"<h3>MODBUS cROOM CONTROLLER ETH MX<\/h3>\n<p>The MODBUS cROOM ETH MX MODBUS CONTROLLER is designed for advanced climate management and lighting control in hotel rooms. With dimensions of <strong>159 \u00d7 90 mm<\/strong>, it is easily installed in electrical panels through a DIN rail box, occupying 9 modules. It is complemented with our pushbutton panels or pushbutton inputs.  <\/p>\n","protected":false},"featured_media":2041,"template":"","meta":[],"product_brand":[],"product_cat":[187],"product_tag":[],"class_list":{"0":"post-2525","1":"product","2":"type-product","3":"status-publish","4":"has-post-thumbnail","6":"product_cat-climate","8":"first","9":"instock","10":"taxable","11":"shipping-taxable","12":"product-type-simple"},"yoast_head":"<!-- This site is optimized with the Yoast SEO Premium plugin v25.6 (Yoast SEO v27.6) - https:\/\/yoast.com\/product\/yoast-seo-premium-wordpress\/ -->\n<title>cRoom ETH MX - IBERCOMP<\/title>\n<meta name=\"robots\" content=\"index, follow, max-snippet:-1, max-image-preview:large, max-video-preview:-1\" \/>\n<link rel=\"canonical\" href=\"https:\/\/ibercomp.com\/producto\/croom-eth-mx\/\" \/>\n<meta property=\"og:locale\" content=\"en_US\" \/>\n<meta property=\"og:type\" content=\"article\" \/>\n<meta property=\"og:title\" content=\"cRoom ETH MX\" \/>\n<meta property=\"og:description\" content=\"MODBUS cROOM CONTROLLER ETH MX The MODBUS cROOM ETH MX MODBUS CONTROLLER is designed for advanced climate management and lighting control in hotel rooms. With dimensions of 159 \u00d7 90 mm, it is easily installed in electrical panels through a DIN rail box, occupying 9 modules. It is complemented with our pushbutton panels or pushbutton inputs.\" \/>\n<meta property=\"og:url\" content=\"https:\/\/ibercomp.com\/producto\/croom-eth-mx\/\" \/>\n<meta property=\"og:site_name\" content=\"IBERCOMP\" \/>\n<meta property=\"article:modified_time\" content=\"2025-01-16T11:01:28+00:00\" \/>\n<meta property=\"og:image\" content=\"https:\/\/ibercomp.com\/wp-content\/uploads\/2024\/10\/croom-ETH-MXt.png\" \/>\n\t<meta property=\"og:image:width\" content=\"512\" \/>\n\t<meta property=\"og:image:height\" content=\"384\" \/>\n\t<meta property=\"og:image:type\" content=\"image\/png\" \/>\n<meta name=\"twitter:card\" content=\"summary_large_image\" \/>\n<meta name=\"twitter:label1\" content=\"Est. reading time\" \/>\n\t<meta name=\"twitter:data1\" content=\"1 minute\" \/>\n<script type=\"application\/ld+json\" class=\"yoast-schema-graph\">{\"@context\":\"https:\\\/\\\/schema.org\",\"@graph\":[{\"@type\":\"WebPage\",\"@id\":\"https:\\\/\\\/ibercomp.com\\\/producto\\\/croom-eth-mx\\\/\",\"url\":\"https:\\\/\\\/ibercomp.com\\\/producto\\\/croom-eth-mx\\\/\",\"name\":\"cRoom ETH MX - IBERCOMP\",\"isPartOf\":{\"@id\":\"https:\\\/\\\/ibercomp.com\\\/#website\"},\"primaryImageOfPage\":{\"@id\":\"https:\\\/\\\/ibercomp.com\\\/producto\\\/croom-eth-mx\\\/#primaryimage\"},\"image\":{\"@id\":\"https:\\\/\\\/ibercomp.com\\\/producto\\\/croom-eth-mx\\\/#primaryimage\"},\"thumbnailUrl\":\"https:\\\/\\\/ibercomp.com\\\/wp-content\\\/uploads\\\/2024\\\/10\\\/croom-ETH-MXt.png\",\"datePublished\":\"2024-10-02T11:11:49+00:00\",\"dateModified\":\"2025-01-16T11:01:28+00:00\",\"breadcrumb\":{\"@id\":\"https:\\\/\\\/ibercomp.com\\\/producto\\\/croom-eth-mx\\\/#breadcrumb\"},\"inLanguage\":\"en-US\",\"potentialAction\":[{\"@type\":\"ReadAction\",\"target\":[\"https:\\\/\\\/ibercomp.com\\\/producto\\\/croom-eth-mx\\\/\"]}]},{\"@type\":\"ImageObject\",\"inLanguage\":\"en-US\",\"@id\":\"https:\\\/\\\/ibercomp.com\\\/producto\\\/croom-eth-mx\\\/#primaryimage\",\"url\":\"https:\\\/\\\/ibercomp.com\\\/wp-content\\\/uploads\\\/2024\\\/10\\\/croom-ETH-MXt.png\",\"contentUrl\":\"https:\\\/\\\/ibercomp.com\\\/wp-content\\\/uploads\\\/2024\\\/10\\\/croom-ETH-MXt.png\",\"width\":512,\"height\":384},{\"@type\":\"BreadcrumbList\",\"@id\":\"https:\\\/\\\/ibercomp.com\\\/producto\\\/croom-eth-mx\\\/#breadcrumb\",\"itemListElement\":[{\"@type\":\"ListItem\",\"position\":1,\"name\":\"Home\",\"item\":\"https:\\\/\\\/ibercomp.com\\\/en\\\/inicio\\\/\"},{\"@type\":\"ListItem\",\"position\":2,\"name\":\"SHOP\",\"item\":\"https:\\\/\\\/ibercomp.com\\\/en\\\/shop\\\/\"},{\"@type\":\"ListItem\",\"position\":3,\"name\":\"cRoom ETH MX\"}]},{\"@type\":\"WebSite\",\"@id\":\"https:\\\/\\\/ibercomp.com\\\/#website\",\"url\":\"https:\\\/\\\/ibercomp.com\\\/\",\"name\":\"IBERCOMP\",\"description\":\"Dise\u00f1o y fabricaci\u00f3n de Equipos Electr\u00f3nicos basados en microcontrolador\",\"publisher\":{\"@id\":\"https:\\\/\\\/ibercomp.com\\\/#organization\"},\"potentialAction\":[{\"@type\":\"SearchAction\",\"target\":{\"@type\":\"EntryPoint\",\"urlTemplate\":\"https:\\\/\\\/ibercomp.com\\\/?s={search_term_string}\"},\"query-input\":{\"@type\":\"PropertyValueSpecification\",\"valueRequired\":true,\"valueName\":\"search_term_string\"}}],\"inLanguage\":\"en-US\"},{\"@type\":\"Organization\",\"@id\":\"https:\\\/\\\/ibercomp.com\\\/#organization\",\"name\":\"IBERCOMP\",\"url\":\"https:\\\/\\\/ibercomp.com\\\/\",\"logo\":{\"@type\":\"ImageObject\",\"inLanguage\":\"en-US\",\"@id\":\"https:\\\/\\\/ibercomp.com\\\/#\\\/schema\\\/logo\\\/image\\\/\",\"url\":\"https:\\\/\\\/ibercomp.com\\\/wp-content\\\/uploads\\\/2024\\\/04\\\/logo.png\",\"contentUrl\":\"https:\\\/\\\/ibercomp.com\\\/wp-content\\\/uploads\\\/2024\\\/04\\\/logo.png\",\"width\":301,\"height\":71,\"caption\":\"IBERCOMP\"},\"image\":{\"@id\":\"https:\\\/\\\/ibercomp.com\\\/#\\\/schema\\\/logo\\\/image\\\/\"}}]}<\/script>\n<!-- \/ Yoast SEO Premium plugin. -->","yoast_head_json":{"title":"cRoom ETH MX - IBERCOMP","robots":{"index":"index","follow":"follow","max-snippet":"max-snippet:-1","max-image-preview":"max-image-preview:large","max-video-preview":"max-video-preview:-1"},"canonical":"https:\/\/ibercomp.com\/producto\/croom-eth-mx\/","og_locale":"en_US","og_type":"article","og_title":"cRoom ETH MX","og_description":"MODBUS cROOM CONTROLLER ETH MX The MODBUS cROOM ETH MX MODBUS CONTROLLER is designed for advanced climate management and lighting control in hotel rooms. With dimensions of 159 \u00d7 90 mm, it is easily installed in electrical panels through a DIN rail box, occupying 9 modules. It is complemented with our pushbutton panels or pushbutton inputs.","og_url":"https:\/\/ibercomp.com\/producto\/croom-eth-mx\/","og_site_name":"IBERCOMP","article_modified_time":"2025-01-16T11:01:28+00:00","og_image":[{"width":512,"height":384,"url":"https:\/\/ibercomp.com\/wp-content\/uploads\/2024\/10\/croom-ETH-MXt.png","type":"image\/png"}],"twitter_card":"summary_large_image","twitter_misc":{"Est. reading time":"1 minute"},"schema":{"@context":"https:\/\/schema.org","@graph":[{"@type":"WebPage","@id":"https:\/\/ibercomp.com\/producto\/croom-eth-mx\/","url":"https:\/\/ibercomp.com\/producto\/croom-eth-mx\/","name":"cRoom ETH MX - IBERCOMP","isPartOf":{"@id":"https:\/\/ibercomp.com\/#website"},"primaryImageOfPage":{"@id":"https:\/\/ibercomp.com\/producto\/croom-eth-mx\/#primaryimage"},"image":{"@id":"https:\/\/ibercomp.com\/producto\/croom-eth-mx\/#primaryimage"},"thumbnailUrl":"https:\/\/ibercomp.com\/wp-content\/uploads\/2024\/10\/croom-ETH-MXt.png","datePublished":"2024-10-02T11:11:49+00:00","dateModified":"2025-01-16T11:01:28+00:00","breadcrumb":{"@id":"https:\/\/ibercomp.com\/producto\/croom-eth-mx\/#breadcrumb"},"inLanguage":"en-US","potentialAction":[{"@type":"ReadAction","target":["https:\/\/ibercomp.com\/producto\/croom-eth-mx\/"]}]},{"@type":"ImageObject","inLanguage":"en-US","@id":"https:\/\/ibercomp.com\/producto\/croom-eth-mx\/#primaryimage","url":"https:\/\/ibercomp.com\/wp-content\/uploads\/2024\/10\/croom-ETH-MXt.png","contentUrl":"https:\/\/ibercomp.com\/wp-content\/uploads\/2024\/10\/croom-ETH-MXt.png","width":512,"height":384},{"@type":"BreadcrumbList","@id":"https:\/\/ibercomp.com\/producto\/croom-eth-mx\/#breadcrumb","itemListElement":[{"@type":"ListItem","position":1,"name":"Home","item":"https:\/\/ibercomp.com\/en\/inicio\/"},{"@type":"ListItem","position":2,"name":"SHOP","item":"https:\/\/ibercomp.com\/en\/shop\/"},{"@type":"ListItem","position":3,"name":"cRoom ETH MX"}]},{"@type":"WebSite","@id":"https:\/\/ibercomp.com\/#website","url":"https:\/\/ibercomp.com\/","name":"IBERCOMP","description":"Dise\u00f1o y fabricaci\u00f3n de Equipos Electr\u00f3nicos basados en microcontrolador","publisher":{"@id":"https:\/\/ibercomp.com\/#organization"},"potentialAction":[{"@type":"SearchAction","target":{"@type":"EntryPoint","urlTemplate":"https:\/\/ibercomp.com\/?s={search_term_string}"},"query-input":{"@type":"PropertyValueSpecification","valueRequired":true,"valueName":"search_term_string"}}],"inLanguage":"en-US"},{"@type":"Organization","@id":"https:\/\/ibercomp.com\/#organization","name":"IBERCOMP","url":"https:\/\/ibercomp.com\/","logo":{"@type":"ImageObject","inLanguage":"en-US","@id":"https:\/\/ibercomp.com\/#\/schema\/logo\/image\/","url":"https:\/\/ibercomp.com\/wp-content\/uploads\/2024\/04\/logo.png","contentUrl":"https:\/\/ibercomp.com\/wp-content\/uploads\/2024\/04\/logo.png","width":301,"height":71,"caption":"IBERCOMP"},"image":{"@id":"https:\/\/ibercomp.com\/#\/schema\/logo\/image\/"}}]}},"_links":{"self":[{"href":"https:\/\/ibercomp.com\/en\/wp-json\/wp\/v2\/product\/2525","targetHints":{"allow":["GET"]}}],"collection":[{"href":"https:\/\/ibercomp.com\/en\/wp-json\/wp\/v2\/product"}],"about":[{"href":"https:\/\/ibercomp.com\/en\/wp-json\/wp\/v2\/types\/product"}],"wp:featuredmedia":[{"embeddable":true,"href":"https:\/\/ibercomp.com\/en\/wp-json\/wp\/v2\/media\/2041"}],"wp:attachment":[{"href":"https:\/\/ibercomp.com\/en\/wp-json\/wp\/v2\/media?parent=2525"}],"wp:term":[{"taxonomy":"product_brand","embeddable":true,"href":"https:\/\/ibercomp.com\/en\/wp-json\/wp\/v2\/product_brand?post=2525"},{"taxonomy":"product_cat","embeddable":true,"href":"https:\/\/ibercomp.com\/en\/wp-json\/wp\/v2\/product_cat?post=2525"},{"taxonomy":"product_tag","embeddable":true,"href":"https:\/\/ibercomp.com\/en\/wp-json\/wp\/v2\/product_tag?post=2525"}],"curies":[{"name":"wp","href":"https:\/\/api.w.org\/{rel}","templated":true}]}}