{"id":2519,"date":"2024-07-26T08:26:03","date_gmt":"2024-07-26T08:26:03","guid":{"rendered":"https:\/\/ibercomp.com\/producto\/chipmunk3\/"},"modified":"2024-07-26T08:26:03","modified_gmt":"2024-07-26T08:26:03","slug":"chipmunk3","status":"publish","type":"product","link":"https:\/\/ibercomp.com\/en\/product\/chipmunk3\/","title":{"rendered":"ChipMunk3"},"content":{"rendered":"<p>The <strong>ChipMunk 3<\/strong> is a Linux-based programmable logic controller (PLC) designed for high performance in industrial and automation applications. With an optimized form factor for standard 6-module DIN-rail mounting, it provides flexibility and power in a small footprint. Equipped with an <strong>Orange PI Zero 3<\/strong> with 4 GB of RAM, the ChipMunk 3 is capable of handling complex control and monitoring applications. In addition, it integrates a real-time clock with backup, which ensures the maintenance of temporary functions without the need for external batteries. It is <strong>compatible with Linux systems, <\/strong>using an SD card for the installation of <strong>Debian\/Ubuntu-based<\/strong> operating systems, providing an open and flexible environment for application development. It is easy to configure to run software such as <strong>Webswing<\/strong> for Java application visualization, <strong>Node-RED<\/strong> for IoT flow management, as well as servers and databases. This PLC is designed to integrate efficiently into a wide range of industrial environments, providing a versatile and robust platform for automation and control. <\/p>\n","protected":false},"excerpt":{"rendered":"<p>The ChipMunk 3 is a Linux-based programmable logic controller (PLC) designed for high performance in industrial and automation applications. With an optimized form factor for standard 6-module DIN-rail mounting, it&#8230;<\/p>\n","protected":false},"featured_media":1920,"template":"","meta":[],"product_brand":[],"product_cat":[196],"product_tag":[],"class_list":{"0":"post-2519","1":"product","2":"type-product","3":"status-publish","4":"has-post-thumbnail","6":"product_cat-plc-linux-en","8":"first","9":"instock","10":"taxable","11":"shipping-taxable","12":"purchasable","13":"product-type-simple"},"yoast_head":"<!-- This site is optimized with the Yoast SEO Premium plugin v25.6 (Yoast SEO v27.4) - https:\/\/yoast.com\/product\/yoast-seo-premium-wordpress\/ -->\n<title>ChipMunk3 - IBERCOMP<\/title>\n<meta name=\"robots\" content=\"index, follow, max-snippet:-1, max-image-preview:large, max-video-preview:-1\" \/>\n<link rel=\"canonical\" href=\"https:\/\/ibercomp.com\/producto\/chipmunk3\/\" \/>\n<meta property=\"og:locale\" content=\"en_US\" \/>\n<meta property=\"og:type\" content=\"article\" \/>\n<meta property=\"og:title\" content=\"ChipMunk3\" \/>\n<meta property=\"og:description\" content=\"The ChipMunk 3 is a Linux-based programmable logic controller (PLC) designed for high performance in industrial and automation applications. With an optimized form factor for standard 6-module DIN-rail mounting, it...\" \/>\n<meta property=\"og:url\" content=\"https:\/\/ibercomp.com\/producto\/chipmunk3\/\" \/>\n<meta property=\"og:site_name\" content=\"IBERCOMP\" \/>\n<meta property=\"og:image\" content=\"https:\/\/ibercomp.com\/wp-content\/uploads\/2024\/09\/categoriaPLCLinux.png\" \/>\n\t<meta property=\"og:image:width\" content=\"512\" \/>\n\t<meta property=\"og:image:height\" content=\"384\" \/>\n\t<meta property=\"og:image:type\" content=\"image\/png\" \/>\n<meta name=\"twitter:card\" content=\"summary_large_image\" \/>\n<meta name=\"twitter:label1\" content=\"Est. reading time\" \/>\n\t<meta name=\"twitter:data1\" content=\"1 minute\" \/>\n<script type=\"application\/ld+json\" class=\"yoast-schema-graph\">{\"@context\":\"https:\\\/\\\/schema.org\",\"@graph\":[{\"@type\":\"WebPage\",\"@id\":\"https:\\\/\\\/ibercomp.com\\\/producto\\\/chipmunk3\\\/\",\"url\":\"https:\\\/\\\/ibercomp.com\\\/producto\\\/chipmunk3\\\/\",\"name\":\"ChipMunk3 - IBERCOMP\",\"isPartOf\":{\"@id\":\"https:\\\/\\\/ibercomp.com\\\/#website\"},\"primaryImageOfPage\":{\"@id\":\"https:\\\/\\\/ibercomp.com\\\/producto\\\/chipmunk3\\\/#primaryimage\"},\"image\":{\"@id\":\"https:\\\/\\\/ibercomp.com\\\/producto\\\/chipmunk3\\\/#primaryimage\"},\"thumbnailUrl\":\"https:\\\/\\\/ibercomp.com\\\/wp-content\\\/uploads\\\/2024\\\/09\\\/categoriaPLCLinux.png\",\"datePublished\":\"2024-07-26T08:26:03+00:00\",\"breadcrumb\":{\"@id\":\"https:\\\/\\\/ibercomp.com\\\/producto\\\/chipmunk3\\\/#breadcrumb\"},\"inLanguage\":\"en-US\",\"potentialAction\":[{\"@type\":\"ReadAction\",\"target\":[\"https:\\\/\\\/ibercomp.com\\\/producto\\\/chipmunk3\\\/\"]}]},{\"@type\":\"ImageObject\",\"inLanguage\":\"en-US\",\"@id\":\"https:\\\/\\\/ibercomp.com\\\/producto\\\/chipmunk3\\\/#primaryimage\",\"url\":\"https:\\\/\\\/ibercomp.com\\\/wp-content\\\/uploads\\\/2024\\\/09\\\/categoriaPLCLinux.png\",\"contentUrl\":\"https:\\\/\\\/ibercomp.com\\\/wp-content\\\/uploads\\\/2024\\\/09\\\/categoriaPLCLinux.png\",\"width\":512,\"height\":384},{\"@type\":\"BreadcrumbList\",\"@id\":\"https:\\\/\\\/ibercomp.com\\\/producto\\\/chipmunk3\\\/#breadcrumb\",\"itemListElement\":[{\"@type\":\"ListItem\",\"position\":1,\"name\":\"Home\",\"item\":\"https:\\\/\\\/ibercomp.com\\\/en\\\/inicio\\\/\"},{\"@type\":\"ListItem\",\"position\":2,\"name\":\"SHOP\",\"item\":\"https:\\\/\\\/ibercomp.com\\\/en\\\/shop\\\/\"},{\"@type\":\"ListItem\",\"position\":3,\"name\":\"ChipMunk3\"}]},{\"@type\":\"WebSite\",\"@id\":\"https:\\\/\\\/ibercomp.com\\\/#website\",\"url\":\"https:\\\/\\\/ibercomp.com\\\/\",\"name\":\"IBERCOMP\",\"description\":\"Dise\u00f1o y fabricaci\u00f3n de Equipos Electr\u00f3nicos basados en microcontrolador\",\"publisher\":{\"@id\":\"https:\\\/\\\/ibercomp.com\\\/#organization\"},\"potentialAction\":[{\"@type\":\"SearchAction\",\"target\":{\"@type\":\"EntryPoint\",\"urlTemplate\":\"https:\\\/\\\/ibercomp.com\\\/?s={search_term_string}\"},\"query-input\":{\"@type\":\"PropertyValueSpecification\",\"valueRequired\":true,\"valueName\":\"search_term_string\"}}],\"inLanguage\":\"en-US\"},{\"@type\":\"Organization\",\"@id\":\"https:\\\/\\\/ibercomp.com\\\/#organization\",\"name\":\"IBERCOMP\",\"url\":\"https:\\\/\\\/ibercomp.com\\\/\",\"logo\":{\"@type\":\"ImageObject\",\"inLanguage\":\"en-US\",\"@id\":\"https:\\\/\\\/ibercomp.com\\\/#\\\/schema\\\/logo\\\/image\\\/\",\"url\":\"https:\\\/\\\/ibercomp.com\\\/wp-content\\\/uploads\\\/2024\\\/04\\\/logo.png\",\"contentUrl\":\"https:\\\/\\\/ibercomp.com\\\/wp-content\\\/uploads\\\/2024\\\/04\\\/logo.png\",\"width\":301,\"height\":71,\"caption\":\"IBERCOMP\"},\"image\":{\"@id\":\"https:\\\/\\\/ibercomp.com\\\/#\\\/schema\\\/logo\\\/image\\\/\"}}]}<\/script>\n<!-- \/ Yoast SEO Premium plugin. -->","yoast_head_json":{"title":"ChipMunk3 - IBERCOMP","robots":{"index":"index","follow":"follow","max-snippet":"max-snippet:-1","max-image-preview":"max-image-preview:large","max-video-preview":"max-video-preview:-1"},"canonical":"https:\/\/ibercomp.com\/producto\/chipmunk3\/","og_locale":"en_US","og_type":"article","og_title":"ChipMunk3","og_description":"The ChipMunk 3 is a Linux-based programmable logic controller (PLC) designed for high performance in industrial and automation applications. With an optimized form factor for standard 6-module DIN-rail mounting, it...","og_url":"https:\/\/ibercomp.com\/producto\/chipmunk3\/","og_site_name":"IBERCOMP","og_image":[{"width":512,"height":384,"url":"https:\/\/ibercomp.com\/wp-content\/uploads\/2024\/09\/categoriaPLCLinux.png","type":"image\/png"}],"twitter_card":"summary_large_image","twitter_misc":{"Est. reading time":"1 minute"},"schema":{"@context":"https:\/\/schema.org","@graph":[{"@type":"WebPage","@id":"https:\/\/ibercomp.com\/producto\/chipmunk3\/","url":"https:\/\/ibercomp.com\/producto\/chipmunk3\/","name":"ChipMunk3 - IBERCOMP","isPartOf":{"@id":"https:\/\/ibercomp.com\/#website"},"primaryImageOfPage":{"@id":"https:\/\/ibercomp.com\/producto\/chipmunk3\/#primaryimage"},"image":{"@id":"https:\/\/ibercomp.com\/producto\/chipmunk3\/#primaryimage"},"thumbnailUrl":"https:\/\/ibercomp.com\/wp-content\/uploads\/2024\/09\/categoriaPLCLinux.png","datePublished":"2024-07-26T08:26:03+00:00","breadcrumb":{"@id":"https:\/\/ibercomp.com\/producto\/chipmunk3\/#breadcrumb"},"inLanguage":"en-US","potentialAction":[{"@type":"ReadAction","target":["https:\/\/ibercomp.com\/producto\/chipmunk3\/"]}]},{"@type":"ImageObject","inLanguage":"en-US","@id":"https:\/\/ibercomp.com\/producto\/chipmunk3\/#primaryimage","url":"https:\/\/ibercomp.com\/wp-content\/uploads\/2024\/09\/categoriaPLCLinux.png","contentUrl":"https:\/\/ibercomp.com\/wp-content\/uploads\/2024\/09\/categoriaPLCLinux.png","width":512,"height":384},{"@type":"BreadcrumbList","@id":"https:\/\/ibercomp.com\/producto\/chipmunk3\/#breadcrumb","itemListElement":[{"@type":"ListItem","position":1,"name":"Home","item":"https:\/\/ibercomp.com\/en\/inicio\/"},{"@type":"ListItem","position":2,"name":"SHOP","item":"https:\/\/ibercomp.com\/en\/shop\/"},{"@type":"ListItem","position":3,"name":"ChipMunk3"}]},{"@type":"WebSite","@id":"https:\/\/ibercomp.com\/#website","url":"https:\/\/ibercomp.com\/","name":"IBERCOMP","description":"Dise\u00f1o y fabricaci\u00f3n de Equipos Electr\u00f3nicos basados en microcontrolador","publisher":{"@id":"https:\/\/ibercomp.com\/#organization"},"potentialAction":[{"@type":"SearchAction","target":{"@type":"EntryPoint","urlTemplate":"https:\/\/ibercomp.com\/?s={search_term_string}"},"query-input":{"@type":"PropertyValueSpecification","valueRequired":true,"valueName":"search_term_string"}}],"inLanguage":"en-US"},{"@type":"Organization","@id":"https:\/\/ibercomp.com\/#organization","name":"IBERCOMP","url":"https:\/\/ibercomp.com\/","logo":{"@type":"ImageObject","inLanguage":"en-US","@id":"https:\/\/ibercomp.com\/#\/schema\/logo\/image\/","url":"https:\/\/ibercomp.com\/wp-content\/uploads\/2024\/04\/logo.png","contentUrl":"https:\/\/ibercomp.com\/wp-content\/uploads\/2024\/04\/logo.png","width":301,"height":71,"caption":"IBERCOMP"},"image":{"@id":"https:\/\/ibercomp.com\/#\/schema\/logo\/image\/"}}]}},"_links":{"self":[{"href":"https:\/\/ibercomp.com\/en\/wp-json\/wp\/v2\/product\/2519","targetHints":{"allow":["GET"]}}],"collection":[{"href":"https:\/\/ibercomp.com\/en\/wp-json\/wp\/v2\/product"}],"about":[{"href":"https:\/\/ibercomp.com\/en\/wp-json\/wp\/v2\/types\/product"}],"wp:featuredmedia":[{"embeddable":true,"href":"https:\/\/ibercomp.com\/en\/wp-json\/wp\/v2\/media\/1920"}],"wp:attachment":[{"href":"https:\/\/ibercomp.com\/en\/wp-json\/wp\/v2\/media?parent=2519"}],"wp:term":[{"taxonomy":"product_brand","embeddable":true,"href":"https:\/\/ibercomp.com\/en\/wp-json\/wp\/v2\/product_brand?post=2519"},{"taxonomy":"product_cat","embeddable":true,"href":"https:\/\/ibercomp.com\/en\/wp-json\/wp\/v2\/product_cat?post=2519"},{"taxonomy":"product_tag","embeddable":true,"href":"https:\/\/ibercomp.com\/en\/wp-json\/wp\/v2\/product_tag?post=2519"}],"curies":[{"name":"wp","href":"https:\/\/api.w.org\/{rel}","templated":true}]}}