{"id":2513,"date":"2024-07-26T08:01:55","date_gmt":"2024-07-26T08:01:55","guid":{"rendered":"https:\/\/ibercomp.com\/producto\/wind-sensor\/"},"modified":"2025-01-30T09:03:51","modified_gmt":"2025-01-30T09:03:51","slug":"sensor-viento","status":"publish","type":"product","link":"https:\/\/ibercomp.com\/en\/product\/sensor-viento\/","title":{"rendered":"Solid State Wind Sensor"},"content":{"rendered":"[vc_row type=&#8221;in_container&#8221; full_screen_row_position=&#8221;middle&#8221; column_margin=&#8221;default&#8221; column_direction=&#8221;default&#8221; column_direction_tablet=&#8221;default&#8221; column_direction_phone=&#8221;default&#8221; scene_position=&#8221;center&#8221; text_color=&#8221;dark&#8221; text_align=&#8221;left&#8221; row_border_radius=&#8221;none&#8221; row_border_radius_applies=&#8221;bg&#8221; overflow=&#8221;visible&#8221; overlay_strength=&#8221;0.3&#8243; gradient_direction=&#8221;left_to_right&#8221; shape_divider_position=&#8221;bottom&#8221; bg_image_animation=&#8221;none&#8221;][vc_column column_padding=&#8221;no-extra-padding&#8221; column_padding_tablet=&#8221;inherit&#8221; column_padding_phone=&#8221;inherit&#8221; column_padding_position=&#8221;all&#8221; column_element_direction_desktop=&#8221;default&#8221; column_element_spacing=&#8221;default&#8221; desktop_text_alignment=&#8221;default&#8221; tablet_text_alignment=&#8221;default&#8221; phone_text_alignment=&#8221;default&#8221; background_color_opacity=&#8221;1&#8243; background_hover_color_opacity=&#8221;1&#8243; column_backdrop_filter=&#8221;none&#8221; column_shadow=&#8221;none&#8221; column_border_radius=&#8221;none&#8221; column_link_target=&#8221;_self&#8221; column_position=&#8221;default&#8221; gradient_direction=&#8221;left_to_right&#8221; overlay_strength=&#8221;0.3&#8243; width=&#8221;1\/1&#8243; tablet_width_inherit=&#8221;default&#8221; animation_type=&#8221;default&#8221; bg_image_animation=&#8221;none&#8221; border_type=&#8221;simple&#8221; column_border_width=&#8221;none&#8221; column_border_style=&#8221;solid&#8221;][vc_column_text]\n<ul>\n<li><strong>Dimensions<\/strong>: 80x80x50 mm enclosure and 100mm sensor element.<\/li>\n<li><strong>Power supply<\/strong>: It works with voltages from 9V to 30V.<\/li>\n<li><strong>Protections<\/strong>: Equipped with protections to ensure reliability in industrial environments (IEC 61000-4-2, IEC 61000-4-4-4, IEC 61000-4-5).<\/li>\n<li><strong>Communication<\/strong>: Supports Modbus RTU.<\/li>\n<\/ul>\n<p><strong>Features and Benefits<\/strong><\/p>\n<ul>\n<li>Accurate measurement of air velocity and temperature.<\/li>\n<li>System with no moving parts, which minimizes maintenance.<\/li>\n<li>Omnidirectional readings for greater installation flexibility.<\/li>\n<\/ul>\n<p><strong>Applications<\/strong><\/p>\n<ul>\n<li>Performance evaluation of HVAC systems.<\/li>\n<li>Flow control in ducts.<\/li>\n<li>Control of air extractors.<\/li>\n<li>Maintenance and commissioning of facilities.<\/li>\n<li>Monitoring in critical environments.<\/li>\n<li>Move solar panels to a safe position.<\/li>\n<li>Collect awnings.<\/li>\n<li>Professional irrigation systems.<\/li>\n<li>Greenhouse control.<\/li>\n<\/ul>\n<p><strong>Technical Specifications<\/strong><\/p>\n<ul>\n<li><strong>Measuring range<\/strong>: 0 to 40 m\/s. (At higher speeds it continues to measure but with loss of accuracy). <\/li>\n<li><strong>Temperature<\/strong>: Range from -10 \u00b0C to +60 \u00b0C.<\/li>\n<li><strong>Operating Conditions<\/strong>: -25 to 50 \u00b0C in non-condensing conditions.<\/li>\n<\/ul>\n<p>The WS1 Wind Sensor is an effective solution for monitoring wind conditions, ensuring optimal control in various applications.[\/vc_column_text][\/vc_column][\/vc_row][vc_row type=&#8221;in_container&#8221; full_screen_row_position=&#8221;middle&#8221; column_margin=&#8221;default&#8221; column_direction=&#8221;default&#8221; column_direction_tablet=&#8221;default&#8221; column_direction_phone=&#8221;default&#8221; scene_position=&#8221;center&#8221; text_color=&#8221;dark&#8221; text_align=&#8221;left&#8221; row_border_radius=&#8221;none&#8221; row_border_radius_applies=&#8221;bg&#8221; overflow=&#8221;visible&#8221; overlay_strength=&#8221;0.3&#8243; gradient_direction=&#8221;left_to_right&#8221; shape_divider_position=&#8221;bottom&#8221; bg_image_animation=&#8221;none&#8221;][vc_column column_padding=&#8221;no-extra-padding&#8221; column_padding_tablet=&#8221;inherit&#8221; column_padding_phone=&#8221;inherit&#8221; column_padding_position=&#8221;all&#8221; column_element_direction_desktop=&#8221;default&#8221; column_element_spacing=&#8221;default&#8221; desktop_text_alignment=&#8221;default&#8221; tablet_text_alignment=&#8221;default&#8221; phone_text_alignment=&#8221;default&#8221; background_color_opacity=&#8221;1&#8243; background_hover_color_opacity=&#8221;1&#8243; column_backdrop_filter=&#8221;none&#8221; column_shadow=&#8221;none&#8221; column_border_radius=&#8221;none&#8221; column_link_target=&#8221;_self&#8221; column_position=&#8221;default&#8221; gradient_direction=&#8221;left_to_right&#8221; overlay_strength=&#8221;0.3&#8243; width=&#8221;1\/1&#8243; tablet_width_inherit=&#8221;default&#8221; animation_type=&#8221;default&#8221; bg_image_animation=&#8221;none&#8221; border_type=&#8221;simple&#8221; column_border_width=&#8221;none&#8221; column_border_style=&#8221;solid&#8221;][tabbed_section style=&#8221;default&#8221; tab_change_animation=&#8221;fade&#8221; alignment=&#8221;left&#8221; spacing=&#8221;default&#8221; tab_color=&#8221;Accent-Color&#8221; vs_content_animation=&#8221;fade&#8221; vs_link_animation=&#8221;opacity&#8221; vs_navigation_alignment=&#8221;left&#8221; vs_navigation_width_2=&#8221;25%&#8221; vs_navigation_func=&#8221;default&#8221; vs_navigation_width=&#8221;regular&#8221; vs_navigation_spacing=&#8221;15px&#8221; vs_navigation_mobile_display=&#8221;visible&#8221; vs_tab_spacing=&#8221;5%&#8221;][tab icon_family=&#8221;none&#8221; title=&#8221;DOCUMENTATION&#8221; id=&#8221;1737100449217-8&#8243; tab_id=&#8221;1737100449217-2&#8243;][vc_column_text]<a href=\"https:\/\/ibercomp.com\/wp-content\/uploads\/2025\/01\/WindSensorGuide-1.pdf\" target=\"_blank\" rel=\"noopener\"><strong>Datasheet Wind Sensor SW1<\/strong><\/a>[\/vc_column_text][\/tab][\/tabbed_section][\/vc_column][\/vc_row]\n","protected":false},"excerpt":{"rendered":"<p><strong>WS1 Solid State Wind Sensor<\/strong><\/p>\n<p>It is a modbus device, without any moving parts, equipped with a SA.01 wind sensor, which measures the velocity of an air flow. It is based on a principle described in 1914 by the Canadian physicist Louis Vessot King, whereby air flow affects temperature. In the 1950s it began to be used to measure velocity in wind tunnels. The great advantage over mechanical systems is that there is no bearing wear, no variation in the measured values over time. It also has no inertial problems of mechanical equipment being more sensitive and has a capacity to work in dusty environments such as ducts or chimneys.  <\/p>\n","protected":false},"featured_media":2564,"template":"","meta":[],"product_brand":[],"product_cat":[191],"product_tag":[],"class_list":{"0":"post-2513","1":"product","2":"type-product","3":"status-publish","4":"has-post-thumbnail","6":"product_cat-field-equipment","8":"first","9":"instock","10":"sale","11":"taxable","12":"shipping-taxable","13":"purchasable","14":"product-type-variable"},"yoast_head":"<!-- This site is optimized with the Yoast SEO Premium plugin v25.6 (Yoast SEO v27.6) - https:\/\/yoast.com\/product\/yoast-seo-premium-wordpress\/ -->\n<title>Solid State Wind Sensor - IBERCOMP<\/title>\n<meta name=\"robots\" content=\"index, follow, max-snippet:-1, max-image-preview:large, max-video-preview:-1\" \/>\n<link rel=\"canonical\" href=\"https:\/\/ibercomp.com\/en\/product\/sensor-viento\/\" \/>\n<meta property=\"og:locale\" content=\"en_US\" \/>\n<meta property=\"og:type\" content=\"article\" \/>\n<meta property=\"og:title\" content=\"Solid State Wind Sensor\" \/>\n<meta property=\"og:description\" content=\"WS1 Solid State Wind Sensor  It is a modbus device, without any moving parts, equipped with a SA.01 wind sensor, which measures the velocity of an air flow. It is based on a principle described in 1914 by the Canadian physicist Louis Vessot King, whereby air flow affects temperature. In the 1950s it began to be used to measure velocity in wind tunnels. The great advantage over mechanical systems is that there is no bearing wear, no variation in the measured values over time. It also has no inertial problems of mechanical equipment being more sensitive and has a capacity to work in dusty environments such as ducts or chimneys.\" \/>\n<meta property=\"og:url\" content=\"https:\/\/ibercomp.com\/en\/product\/sensor-viento\/\" \/>\n<meta property=\"og:site_name\" content=\"IBERCOMP\" \/>\n<meta property=\"article:modified_time\" content=\"2025-01-30T09:03:51+00:00\" \/>\n<meta property=\"og:image\" content=\"https:\/\/ibercomp.com\/wp-content\/uploads\/2025\/01\/sondaViento.jpg\" \/>\n\t<meta property=\"og:image:width\" content=\"512\" \/>\n\t<meta property=\"og:image:height\" content=\"384\" \/>\n\t<meta property=\"og:image:type\" content=\"image\/jpeg\" \/>\n<meta name=\"twitter:card\" content=\"summary_large_image\" \/>\n<meta name=\"twitter:label1\" content=\"Est. reading time\" \/>\n\t<meta name=\"twitter:data1\" content=\"2 minutes\" \/>\n<script type=\"application\/ld+json\" class=\"yoast-schema-graph\">{\"@context\":\"https:\\\/\\\/schema.org\",\"@graph\":[{\"@type\":\"WebPage\",\"@id\":\"https:\\\/\\\/ibercomp.com\\\/en\\\/product\\\/sensor-viento\\\/\",\"url\":\"https:\\\/\\\/ibercomp.com\\\/en\\\/product\\\/sensor-viento\\\/\",\"name\":\"Solid State Wind Sensor - IBERCOMP\",\"isPartOf\":{\"@id\":\"https:\\\/\\\/ibercomp.com\\\/#website\"},\"primaryImageOfPage\":{\"@id\":\"https:\\\/\\\/ibercomp.com\\\/en\\\/product\\\/sensor-viento\\\/#primaryimage\"},\"image\":{\"@id\":\"https:\\\/\\\/ibercomp.com\\\/en\\\/product\\\/sensor-viento\\\/#primaryimage\"},\"thumbnailUrl\":\"https:\\\/\\\/ibercomp.com\\\/wp-content\\\/uploads\\\/2025\\\/01\\\/sondaViento.jpg\",\"datePublished\":\"2024-07-26T08:01:55+00:00\",\"dateModified\":\"2025-01-30T09:03:51+00:00\",\"breadcrumb\":{\"@id\":\"https:\\\/\\\/ibercomp.com\\\/en\\\/product\\\/sensor-viento\\\/#breadcrumb\"},\"inLanguage\":\"en-US\",\"potentialAction\":[{\"@type\":\"ReadAction\",\"target\":[\"https:\\\/\\\/ibercomp.com\\\/en\\\/product\\\/sensor-viento\\\/\"]}]},{\"@type\":\"ImageObject\",\"inLanguage\":\"en-US\",\"@id\":\"https:\\\/\\\/ibercomp.com\\\/en\\\/product\\\/sensor-viento\\\/#primaryimage\",\"url\":\"https:\\\/\\\/ibercomp.com\\\/wp-content\\\/uploads\\\/2025\\\/01\\\/sondaViento.jpg\",\"contentUrl\":\"https:\\\/\\\/ibercomp.com\\\/wp-content\\\/uploads\\\/2025\\\/01\\\/sondaViento.jpg\",\"width\":512,\"height\":384},{\"@type\":\"BreadcrumbList\",\"@id\":\"https:\\\/\\\/ibercomp.com\\\/en\\\/product\\\/sensor-viento\\\/#breadcrumb\",\"itemListElement\":[{\"@type\":\"ListItem\",\"position\":1,\"name\":\"Home\",\"item\":\"https:\\\/\\\/ibercomp.com\\\/en\\\/inicio\\\/\"},{\"@type\":\"ListItem\",\"position\":2,\"name\":\"SHOP\",\"item\":\"https:\\\/\\\/ibercomp.com\\\/en\\\/shop\\\/\"},{\"@type\":\"ListItem\",\"position\":3,\"name\":\"Solid State Wind Sensor\"}]},{\"@type\":\"WebSite\",\"@id\":\"https:\\\/\\\/ibercomp.com\\\/#website\",\"url\":\"https:\\\/\\\/ibercomp.com\\\/\",\"name\":\"IBERCOMP\",\"description\":\"Dise\u00f1o y fabricaci\u00f3n de Equipos Electr\u00f3nicos basados en microcontrolador\",\"publisher\":{\"@id\":\"https:\\\/\\\/ibercomp.com\\\/#organization\"},\"potentialAction\":[{\"@type\":\"SearchAction\",\"target\":{\"@type\":\"EntryPoint\",\"urlTemplate\":\"https:\\\/\\\/ibercomp.com\\\/?s={search_term_string}\"},\"query-input\":{\"@type\":\"PropertyValueSpecification\",\"valueRequired\":true,\"valueName\":\"search_term_string\"}}],\"inLanguage\":\"en-US\"},{\"@type\":\"Organization\",\"@id\":\"https:\\\/\\\/ibercomp.com\\\/#organization\",\"name\":\"IBERCOMP\",\"url\":\"https:\\\/\\\/ibercomp.com\\\/\",\"logo\":{\"@type\":\"ImageObject\",\"inLanguage\":\"en-US\",\"@id\":\"https:\\\/\\\/ibercomp.com\\\/#\\\/schema\\\/logo\\\/image\\\/\",\"url\":\"https:\\\/\\\/ibercomp.com\\\/wp-content\\\/uploads\\\/2024\\\/04\\\/logo.png\",\"contentUrl\":\"https:\\\/\\\/ibercomp.com\\\/wp-content\\\/uploads\\\/2024\\\/04\\\/logo.png\",\"width\":301,\"height\":71,\"caption\":\"IBERCOMP\"},\"image\":{\"@id\":\"https:\\\/\\\/ibercomp.com\\\/#\\\/schema\\\/logo\\\/image\\\/\"}}]}<\/script>\n<!-- \/ Yoast SEO Premium plugin. -->","yoast_head_json":{"title":"Solid State Wind Sensor - IBERCOMP","robots":{"index":"index","follow":"follow","max-snippet":"max-snippet:-1","max-image-preview":"max-image-preview:large","max-video-preview":"max-video-preview:-1"},"canonical":"https:\/\/ibercomp.com\/en\/product\/sensor-viento\/","og_locale":"en_US","og_type":"article","og_title":"Solid State Wind Sensor","og_description":"WS1 Solid State Wind Sensor  It is a modbus device, without any moving parts, equipped with a SA.01 wind sensor, which measures the velocity of an air flow. It is based on a principle described in 1914 by the Canadian physicist Louis Vessot King, whereby air flow affects temperature. In the 1950s it began to be used to measure velocity in wind tunnels. The great advantage over mechanical systems is that there is no bearing wear, no variation in the measured values over time. It also has no inertial problems of mechanical equipment being more sensitive and has a capacity to work in dusty environments such as ducts or chimneys.","og_url":"https:\/\/ibercomp.com\/en\/product\/sensor-viento\/","og_site_name":"IBERCOMP","article_modified_time":"2025-01-30T09:03:51+00:00","og_image":[{"width":512,"height":384,"url":"https:\/\/ibercomp.com\/wp-content\/uploads\/2025\/01\/sondaViento.jpg","type":"image\/jpeg"}],"twitter_card":"summary_large_image","twitter_misc":{"Est. reading time":"2 minutes"},"schema":{"@context":"https:\/\/schema.org","@graph":[{"@type":"WebPage","@id":"https:\/\/ibercomp.com\/en\/product\/sensor-viento\/","url":"https:\/\/ibercomp.com\/en\/product\/sensor-viento\/","name":"Solid State Wind Sensor - IBERCOMP","isPartOf":{"@id":"https:\/\/ibercomp.com\/#website"},"primaryImageOfPage":{"@id":"https:\/\/ibercomp.com\/en\/product\/sensor-viento\/#primaryimage"},"image":{"@id":"https:\/\/ibercomp.com\/en\/product\/sensor-viento\/#primaryimage"},"thumbnailUrl":"https:\/\/ibercomp.com\/wp-content\/uploads\/2025\/01\/sondaViento.jpg","datePublished":"2024-07-26T08:01:55+00:00","dateModified":"2025-01-30T09:03:51+00:00","breadcrumb":{"@id":"https:\/\/ibercomp.com\/en\/product\/sensor-viento\/#breadcrumb"},"inLanguage":"en-US","potentialAction":[{"@type":"ReadAction","target":["https:\/\/ibercomp.com\/en\/product\/sensor-viento\/"]}]},{"@type":"ImageObject","inLanguage":"en-US","@id":"https:\/\/ibercomp.com\/en\/product\/sensor-viento\/#primaryimage","url":"https:\/\/ibercomp.com\/wp-content\/uploads\/2025\/01\/sondaViento.jpg","contentUrl":"https:\/\/ibercomp.com\/wp-content\/uploads\/2025\/01\/sondaViento.jpg","width":512,"height":384},{"@type":"BreadcrumbList","@id":"https:\/\/ibercomp.com\/en\/product\/sensor-viento\/#breadcrumb","itemListElement":[{"@type":"ListItem","position":1,"name":"Home","item":"https:\/\/ibercomp.com\/en\/inicio\/"},{"@type":"ListItem","position":2,"name":"SHOP","item":"https:\/\/ibercomp.com\/en\/shop\/"},{"@type":"ListItem","position":3,"name":"Solid State Wind Sensor"}]},{"@type":"WebSite","@id":"https:\/\/ibercomp.com\/#website","url":"https:\/\/ibercomp.com\/","name":"IBERCOMP","description":"Dise\u00f1o y fabricaci\u00f3n de Equipos Electr\u00f3nicos basados en microcontrolador","publisher":{"@id":"https:\/\/ibercomp.com\/#organization"},"potentialAction":[{"@type":"SearchAction","target":{"@type":"EntryPoint","urlTemplate":"https:\/\/ibercomp.com\/?s={search_term_string}"},"query-input":{"@type":"PropertyValueSpecification","valueRequired":true,"valueName":"search_term_string"}}],"inLanguage":"en-US"},{"@type":"Organization","@id":"https:\/\/ibercomp.com\/#organization","name":"IBERCOMP","url":"https:\/\/ibercomp.com\/","logo":{"@type":"ImageObject","inLanguage":"en-US","@id":"https:\/\/ibercomp.com\/#\/schema\/logo\/image\/","url":"https:\/\/ibercomp.com\/wp-content\/uploads\/2024\/04\/logo.png","contentUrl":"https:\/\/ibercomp.com\/wp-content\/uploads\/2024\/04\/logo.png","width":301,"height":71,"caption":"IBERCOMP"},"image":{"@id":"https:\/\/ibercomp.com\/#\/schema\/logo\/image\/"}}]}},"_links":{"self":[{"href":"https:\/\/ibercomp.com\/en\/wp-json\/wp\/v2\/product\/2513","targetHints":{"allow":["GET"]}}],"collection":[{"href":"https:\/\/ibercomp.com\/en\/wp-json\/wp\/v2\/product"}],"about":[{"href":"https:\/\/ibercomp.com\/en\/wp-json\/wp\/v2\/types\/product"}],"wp:featuredmedia":[{"embeddable":true,"href":"https:\/\/ibercomp.com\/en\/wp-json\/wp\/v2\/media\/2564"}],"wp:attachment":[{"href":"https:\/\/ibercomp.com\/en\/wp-json\/wp\/v2\/media?parent=2513"}],"wp:term":[{"taxonomy":"product_brand","embeddable":true,"href":"https:\/\/ibercomp.com\/en\/wp-json\/wp\/v2\/product_brand?post=2513"},{"taxonomy":"product_cat","embeddable":true,"href":"https:\/\/ibercomp.com\/en\/wp-json\/wp\/v2\/product_cat?post=2513"},{"taxonomy":"product_tag","embeddable":true,"href":"https:\/\/ibercomp.com\/en\/wp-json\/wp\/v2\/product_tag?post=2513"}],"curies":[{"name":"wp","href":"https:\/\/api.w.org\/{rel}","templated":true}]}}