{"id":2507,"date":"2024-07-26T07:24:48","date_gmt":"2024-07-26T07:24:48","guid":{"rendered":"https:\/\/ibercomp.com\/producto\/modbus-rtu-rs485-8edo\/"},"modified":"2025-01-13T22:10:09","modified_gmt":"2025-01-13T22:10:09","slug":"modbus-rtu-rs485-8edo","status":"publish","type":"product","link":"https:\/\/ibercomp.com\/en\/product\/modbus-rtu-rs485-8edo\/","title":{"rendered":"Modbus RTU RS485 8EDo"},"content":{"rendered":"[vc_row type=&#8221;in_container&#8221; full_screen_row_position=&#8221;middle&#8221; column_margin=&#8221;default&#8221; column_direction=&#8221;default&#8221; column_direction_tablet=&#8221;default&#8221; column_direction_phone=&#8221;default&#8221; scene_position=&#8221;center&#8221; text_color=&#8221;dark&#8221; text_align=&#8221;left&#8221; row_border_radius=&#8221;none&#8221; row_border_radius_applies=&#8221;bg&#8221; overflow=&#8221;visible&#8221; overlay_strength=&#8221;0.3&#8243; gradient_direction=&#8221;left_to_right&#8221; shape_divider_position=&#8221;bottom&#8221; bg_image_animation=&#8221;none&#8221;][vc_column column_padding=&#8221;no-extra-padding&#8221; column_padding_tablet=&#8221;inherit&#8221; column_padding_phone=&#8221;inherit&#8221; column_padding_position=&#8221;all&#8221; column_element_direction_desktop=&#8221;default&#8221; column_element_spacing=&#8221;default&#8221; desktop_text_alignment=&#8221;default&#8221; tablet_text_alignment=&#8221;default&#8221; phone_text_alignment=&#8221;default&#8221; background_color_opacity=&#8221;1&#8243; background_hover_color_opacity=&#8221;1&#8243; column_backdrop_filter=&#8221;none&#8221; column_shadow=&#8221;none&#8221; column_border_radius=&#8221;none&#8221; column_link_target=&#8221;_self&#8221; column_position=&#8221;default&#8221; gradient_direction=&#8221;left_to_right&#8221; overlay_strength=&#8221;0.3&#8243; width=&#8221;1\/1&#8243; tablet_width_inherit=&#8221;default&#8221; animation_type=&#8221;default&#8221; bg_image_animation=&#8221;none&#8221; border_type=&#8221;simple&#8221; column_border_width=&#8221;none&#8221; column_border_style=&#8221;solid&#8221;][vc_column_text]\n<p style=\"text-align: left;\" align=\"left\"><span style=\"color: #000000;\"><span style=\"font-family: Calibri, serif;\"><span style=\"font-size: medium;\">Ways to govern the inputs from the software:<\/span><\/span><\/span><\/p>\n<ul>\n<li><span style=\"color: #000000;\"><span style=\"font-family: Calibri, serif;\"><span style=\"font-size: medium;\">Direct entries where the state will<\/span><\/span><span style=\"font-family: Calibri, serif;\"><span style=\"font-size: medium;\">\u00ed<\/span><\/span><span style=\"font-family: Calibri, serif;\"><span style=\"font-size: medium;\">is the current status.<\/span><\/span><\/span><\/li>\n<li><span style=\"font-family: Calibri, serif; color: #000000;\"><span style=\"font-size: medium;\">Latched inputs, a high status is read when there has been a high status since the last reading, regardless of the time elapsed or the status of the input at the time of reading.<\/span><\/span><\/li>\n<li><span style=\"color: #000000;\"><span style=\"font-family: Calibri, serif;\"><span style=\"font-size: medium;\">Inputs as counter. Each of the inputs has a 32-bit counter associated with it, which is incremented automatically. <\/span><\/span><span style=\"font-family: Calibri, serif;\"><span style=\"font-size: medium;\">\u00e1<\/span><\/span><span style=\"font-family: Calibri, serif;\"><span style=\"font-size: medium;\">The frequency of the rising edge is measured every time it passes from low state to high state (rising edges). The minimum frequency <\/span><\/span><span style=\"font-family: Calibri, serif;\"><span style=\"font-size: medium;\">\u00e1<\/span><\/span><span style=\"font-family: Calibri, serif;\"><span style=\"font-size: medium;\">The maximum counting rate is 1 KHz. Counting is always in an upward direction. <\/span><\/span><\/span><\/li>\n<li><span style=\"color: #000000;\"><span style=\"font-family: Calibri, serif;\"><span style=\"font-size: medium;\">Entries as frequency<\/span><\/span><span style=\"font-family: Calibri, serif;\"><span style=\"font-size: medium;\">\u00ed<\/span><\/span><span style=\"font-family: Calibri, serif;\"><span style=\"font-size: medium;\">meter. Each of the entrances is equipped with a frequency <\/span><\/span><span style=\"font-family: Calibri, serif;\"><span style=\"font-size: medium;\">\u00ed<\/span><\/span><span style=\"font-family: Calibri, serif;\"><span style=\"font-size: medium;\">meter capable of measuring frequencies from 0 to 255 Hz with an accuracy of 1 Hz.<\/span><\/span><\/span><\/li>\n<\/ul>\n<p style=\"text-align: left;\" align=\"left\"><span style=\"color: #000000;\"><span style=\"font-family: Calibri, serif;\"><span style=\"font-size: medium;\">Also<\/span><\/span><span style=\"font-family: Calibri, serif;\"><span style=\"font-size: medium;\">\u00e9<\/span><\/span><span style=\"font-family: Calibri, serif;\"><span style=\"font-size: medium;\">It is also possible to configure from the software to which corresponds a high or low status, i.e., if the high status is when there is voltage, it is possible to set a high or low status, i.e., if the high status is when there is voltage.<\/span><\/span><span style=\"font-family: Calibri, serif;\"><span style=\"font-size: medium;\">\u00f3<\/span><\/span><span style=\"font-family: Calibri, serif;\"><span style=\"font-size: medium;\">is when there is no voltage or when there is no voltage.<\/span><\/span><\/span><\/p>\n<p style=\"text-align: left;\" align=\"left\"><span style=\"font-family: Calibri, serif; color: #000000;\"><span style=\"font-size: medium;\">The optocoupler used in the inputs is the SHARP PC354N to which a 2K2 resistor is placed in series with the input diodes. The isolation indicated by the manufacturer is 3750 Volts. <\/span><\/span><\/p>\n<p style=\"text-align: left;\" align=\"left\"><span style=\"color: #000000;\"><span style=\"font-family: Calibri, serif;\"><span style=\"font-size: medium;\">The tension<\/span><\/span><span style=\"font-family: Calibri, serif;\"><span style=\"font-size: medium;\">\u00f3<\/span><\/span><span style=\"font-family: Calibri, serif;\"><span style=\"font-size: medium;\">The power supply voltage<\/span><\/span><span style=\"font-family: Calibri, serif;\"><span style=\"font-size: medium;\">\u00f3<\/span><\/span><span style=\"font-family: Calibri, serif;\"><span style=\"font-size: medium;\">The recommended power supply voltage of this equipment is 24V, but it works correctly with voltages between 9VDC and 30VDC.<\/span><\/span><\/span><\/p>\n[\/vc_column_text][tabbed_section style=&#8221;default&#8221; tab_change_animation=&#8221;fade&#8221; alignment=&#8221;left&#8221; spacing=&#8221;default&#8221; tab_color=&#8221;Accent-Color&#8221; vs_content_animation=&#8221;fade&#8221; vs_link_animation=&#8221;opacity&#8221; vs_navigation_alignment=&#8221;left&#8221; vs_navigation_width_2=&#8221;25%&#8221; vs_navigation_func=&#8221;default&#8221; vs_navigation_width=&#8221;regular&#8221; vs_navigation_spacing=&#8221;15px&#8221; vs_navigation_mobile_display=&#8221;visible&#8221; vs_tab_spacing=&#8221;5%&#8221;][tab icon_family=&#8221;none&#8221; title=&#8221;DOCUMENTATION&#8221; id=&#8221;1726555373890-7&#8243; tab_id=&#8221;1726555373891-6&#8243;][vc_column_text]<a href=\"https:\/\/ibercomp.com\/wp-content\/uploads\/2024\/07\/Manual-Modulos-ibDAM.pdf\">ibDAM Module Manual<\/a>[\/vc_column_text][\/tab][\/tabbed_section][\/vc_column][\/vc_row]\n","protected":false},"excerpt":{"rendered":"<p style=\"text-align: left;\" align=\"left\"><span style=\"color: #ff9900;\"><strong>Modbus RTU module 8 optocoupled digital inputs  <\/strong><\/span><\/p>\n<p style=\"text-align: left;\" align=\"left\"><span style=\"color: #000000;\"><span style=\"font-family: Calibri, serif;\"><span style=\"font-size: medium;\">The unit has 8 optocoupled inputs. These can be controlled from the   <\/span><\/span><span style=\"font-family: Calibri, serif;\"><span style=\"font-size: medium;\">software in several ways.<\/span><\/span><\/span><\/p>\n","protected":false},"featured_media":1346,"template":"","meta":[],"product_brand":[],"product_cat":[184],"product_tag":[],"class_list":{"0":"post-2507","1":"product","2":"type-product","3":"status-publish","4":"has-post-thumbnail","6":"product_cat-modbus-rtu-en-2","8":"first","9":"instock","10":"taxable","11":"shipping-taxable","12":"purchasable","13":"product-type-simple"},"yoast_head":"<!-- This site is optimized with the Yoast SEO Premium plugin v25.6 (Yoast SEO v27.3) - https:\/\/yoast.com\/product\/yoast-seo-premium-wordpress\/ -->\n<title>Modbus RTU RS485 8EDo - IBERCOMP<\/title>\n<meta name=\"robots\" content=\"index, follow, max-snippet:-1, max-image-preview:large, max-video-preview:-1\" \/>\n<link rel=\"canonical\" href=\"https:\/\/ibercomp.com\/producto\/modbus-rtu-rs485-8ed-optoacopladas\/\" \/>\n<meta property=\"og:locale\" content=\"en_US\" \/>\n<meta property=\"og:type\" content=\"article\" \/>\n<meta property=\"og:title\" content=\"Modbus RTU RS485 8EDo\" \/>\n<meta property=\"og:description\" content=\"Modbus RTU module 8 optocoupled digital inputs  The unit has 8 optocoupled inputs. These can be controlled from the  software in several ways.\" \/>\n<meta property=\"og:url\" content=\"https:\/\/ibercomp.com\/producto\/modbus-rtu-rs485-8ed-optoacopladas\/\" \/>\n<meta property=\"og:site_name\" content=\"IBERCOMP\" \/>\n<meta property=\"article:modified_time\" content=\"2025-01-13T22:10:09+00:00\" \/>\n<meta property=\"og:image\" content=\"https:\/\/ibercomp.com\/wp-content\/uploads\/2024\/07\/ibDAMmodbus.jpg\" \/>\n\t<meta property=\"og:image:width\" content=\"512\" \/>\n\t<meta property=\"og:image:height\" content=\"384\" \/>\n\t<meta property=\"og:image:type\" content=\"image\/jpeg\" \/>\n<meta name=\"twitter:card\" content=\"summary_large_image\" \/>\n<meta name=\"twitter:label1\" content=\"Est. reading time\" \/>\n\t<meta name=\"twitter:data1\" content=\"2 minutes\" \/>\n<script type=\"application\/ld+json\" class=\"yoast-schema-graph\">{\"@context\":\"https:\\\/\\\/schema.org\",\"@graph\":[{\"@type\":\"WebPage\",\"@id\":\"https:\\\/\\\/ibercomp.com\\\/producto\\\/modbus-rtu-rs485-8ed-optoacopladas\\\/\",\"url\":\"https:\\\/\\\/ibercomp.com\\\/producto\\\/modbus-rtu-rs485-8ed-optoacopladas\\\/\",\"name\":\"Modbus RTU RS485 8EDo - IBERCOMP\",\"isPartOf\":{\"@id\":\"https:\\\/\\\/ibercomp.com\\\/#website\"},\"primaryImageOfPage\":{\"@id\":\"https:\\\/\\\/ibercomp.com\\\/producto\\\/modbus-rtu-rs485-8ed-optoacopladas\\\/#primaryimage\"},\"image\":{\"@id\":\"https:\\\/\\\/ibercomp.com\\\/producto\\\/modbus-rtu-rs485-8ed-optoacopladas\\\/#primaryimage\"},\"thumbnailUrl\":\"https:\\\/\\\/ibercomp.com\\\/wp-content\\\/uploads\\\/2024\\\/07\\\/ibDAMmodbus.jpg\",\"datePublished\":\"2024-07-26T07:24:48+00:00\",\"dateModified\":\"2025-01-13T22:10:09+00:00\",\"breadcrumb\":{\"@id\":\"https:\\\/\\\/ibercomp.com\\\/producto\\\/modbus-rtu-rs485-8ed-optoacopladas\\\/#breadcrumb\"},\"inLanguage\":\"en-US\",\"potentialAction\":[{\"@type\":\"ReadAction\",\"target\":[\"https:\\\/\\\/ibercomp.com\\\/producto\\\/modbus-rtu-rs485-8ed-optoacopladas\\\/\"]}]},{\"@type\":\"ImageObject\",\"inLanguage\":\"en-US\",\"@id\":\"https:\\\/\\\/ibercomp.com\\\/producto\\\/modbus-rtu-rs485-8ed-optoacopladas\\\/#primaryimage\",\"url\":\"https:\\\/\\\/ibercomp.com\\\/wp-content\\\/uploads\\\/2024\\\/07\\\/ibDAMmodbus.jpg\",\"contentUrl\":\"https:\\\/\\\/ibercomp.com\\\/wp-content\\\/uploads\\\/2024\\\/07\\\/ibDAMmodbus.jpg\",\"width\":512,\"height\":384},{\"@type\":\"BreadcrumbList\",\"@id\":\"https:\\\/\\\/ibercomp.com\\\/producto\\\/modbus-rtu-rs485-8ed-optoacopladas\\\/#breadcrumb\",\"itemListElement\":[{\"@type\":\"ListItem\",\"position\":1,\"name\":\"Home\",\"item\":\"https:\\\/\\\/ibercomp.com\\\/en\\\/inicio\\\/\"},{\"@type\":\"ListItem\",\"position\":2,\"name\":\"SHOP\",\"item\":\"https:\\\/\\\/ibercomp.com\\\/en\\\/shop\\\/\"},{\"@type\":\"ListItem\",\"position\":3,\"name\":\"Modbus RTU RS485 8EDo\"}]},{\"@type\":\"WebSite\",\"@id\":\"https:\\\/\\\/ibercomp.com\\\/#website\",\"url\":\"https:\\\/\\\/ibercomp.com\\\/\",\"name\":\"IBERCOMP\",\"description\":\"Dise\u00f1o y fabricaci\u00f3n de Equipos Electr\u00f3nicos basados en microcontrolador\",\"publisher\":{\"@id\":\"https:\\\/\\\/ibercomp.com\\\/#organization\"},\"potentialAction\":[{\"@type\":\"SearchAction\",\"target\":{\"@type\":\"EntryPoint\",\"urlTemplate\":\"https:\\\/\\\/ibercomp.com\\\/?s={search_term_string}\"},\"query-input\":{\"@type\":\"PropertyValueSpecification\",\"valueRequired\":true,\"valueName\":\"search_term_string\"}}],\"inLanguage\":\"en-US\"},{\"@type\":\"Organization\",\"@id\":\"https:\\\/\\\/ibercomp.com\\\/#organization\",\"name\":\"IBERCOMP\",\"url\":\"https:\\\/\\\/ibercomp.com\\\/\",\"logo\":{\"@type\":\"ImageObject\",\"inLanguage\":\"en-US\",\"@id\":\"https:\\\/\\\/ibercomp.com\\\/#\\\/schema\\\/logo\\\/image\\\/\",\"url\":\"https:\\\/\\\/ibercomp.com\\\/wp-content\\\/uploads\\\/2024\\\/04\\\/logo.png\",\"contentUrl\":\"https:\\\/\\\/ibercomp.com\\\/wp-content\\\/uploads\\\/2024\\\/04\\\/logo.png\",\"width\":301,\"height\":71,\"caption\":\"IBERCOMP\"},\"image\":{\"@id\":\"https:\\\/\\\/ibercomp.com\\\/#\\\/schema\\\/logo\\\/image\\\/\"}}]}<\/script>\n<!-- \/ Yoast SEO Premium plugin. -->","yoast_head_json":{"title":"Modbus RTU RS485 8EDo - IBERCOMP","robots":{"index":"index","follow":"follow","max-snippet":"max-snippet:-1","max-image-preview":"max-image-preview:large","max-video-preview":"max-video-preview:-1"},"canonical":"https:\/\/ibercomp.com\/producto\/modbus-rtu-rs485-8ed-optoacopladas\/","og_locale":"en_US","og_type":"article","og_title":"Modbus RTU RS485 8EDo","og_description":"Modbus RTU module 8 optocoupled digital inputs  The unit has 8 optocoupled inputs. These can be controlled from the  software in several ways.","og_url":"https:\/\/ibercomp.com\/producto\/modbus-rtu-rs485-8ed-optoacopladas\/","og_site_name":"IBERCOMP","article_modified_time":"2025-01-13T22:10:09+00:00","og_image":[{"width":512,"height":384,"url":"https:\/\/ibercomp.com\/wp-content\/uploads\/2024\/07\/ibDAMmodbus.jpg","type":"image\/jpeg"}],"twitter_card":"summary_large_image","twitter_misc":{"Est. reading time":"2 minutes"},"schema":{"@context":"https:\/\/schema.org","@graph":[{"@type":"WebPage","@id":"https:\/\/ibercomp.com\/producto\/modbus-rtu-rs485-8ed-optoacopladas\/","url":"https:\/\/ibercomp.com\/producto\/modbus-rtu-rs485-8ed-optoacopladas\/","name":"Modbus RTU RS485 8EDo - IBERCOMP","isPartOf":{"@id":"https:\/\/ibercomp.com\/#website"},"primaryImageOfPage":{"@id":"https:\/\/ibercomp.com\/producto\/modbus-rtu-rs485-8ed-optoacopladas\/#primaryimage"},"image":{"@id":"https:\/\/ibercomp.com\/producto\/modbus-rtu-rs485-8ed-optoacopladas\/#primaryimage"},"thumbnailUrl":"https:\/\/ibercomp.com\/wp-content\/uploads\/2024\/07\/ibDAMmodbus.jpg","datePublished":"2024-07-26T07:24:48+00:00","dateModified":"2025-01-13T22:10:09+00:00","breadcrumb":{"@id":"https:\/\/ibercomp.com\/producto\/modbus-rtu-rs485-8ed-optoacopladas\/#breadcrumb"},"inLanguage":"en-US","potentialAction":[{"@type":"ReadAction","target":["https:\/\/ibercomp.com\/producto\/modbus-rtu-rs485-8ed-optoacopladas\/"]}]},{"@type":"ImageObject","inLanguage":"en-US","@id":"https:\/\/ibercomp.com\/producto\/modbus-rtu-rs485-8ed-optoacopladas\/#primaryimage","url":"https:\/\/ibercomp.com\/wp-content\/uploads\/2024\/07\/ibDAMmodbus.jpg","contentUrl":"https:\/\/ibercomp.com\/wp-content\/uploads\/2024\/07\/ibDAMmodbus.jpg","width":512,"height":384},{"@type":"BreadcrumbList","@id":"https:\/\/ibercomp.com\/producto\/modbus-rtu-rs485-8ed-optoacopladas\/#breadcrumb","itemListElement":[{"@type":"ListItem","position":1,"name":"Home","item":"https:\/\/ibercomp.com\/en\/inicio\/"},{"@type":"ListItem","position":2,"name":"SHOP","item":"https:\/\/ibercomp.com\/en\/shop\/"},{"@type":"ListItem","position":3,"name":"Modbus RTU RS485 8EDo"}]},{"@type":"WebSite","@id":"https:\/\/ibercomp.com\/#website","url":"https:\/\/ibercomp.com\/","name":"IBERCOMP","description":"Dise\u00f1o y fabricaci\u00f3n de Equipos Electr\u00f3nicos basados en microcontrolador","publisher":{"@id":"https:\/\/ibercomp.com\/#organization"},"potentialAction":[{"@type":"SearchAction","target":{"@type":"EntryPoint","urlTemplate":"https:\/\/ibercomp.com\/?s={search_term_string}"},"query-input":{"@type":"PropertyValueSpecification","valueRequired":true,"valueName":"search_term_string"}}],"inLanguage":"en-US"},{"@type":"Organization","@id":"https:\/\/ibercomp.com\/#organization","name":"IBERCOMP","url":"https:\/\/ibercomp.com\/","logo":{"@type":"ImageObject","inLanguage":"en-US","@id":"https:\/\/ibercomp.com\/#\/schema\/logo\/image\/","url":"https:\/\/ibercomp.com\/wp-content\/uploads\/2024\/04\/logo.png","contentUrl":"https:\/\/ibercomp.com\/wp-content\/uploads\/2024\/04\/logo.png","width":301,"height":71,"caption":"IBERCOMP"},"image":{"@id":"https:\/\/ibercomp.com\/#\/schema\/logo\/image\/"}}]}},"_links":{"self":[{"href":"https:\/\/ibercomp.com\/en\/wp-json\/wp\/v2\/product\/2507","targetHints":{"allow":["GET"]}}],"collection":[{"href":"https:\/\/ibercomp.com\/en\/wp-json\/wp\/v2\/product"}],"about":[{"href":"https:\/\/ibercomp.com\/en\/wp-json\/wp\/v2\/types\/product"}],"wp:featuredmedia":[{"embeddable":true,"href":"https:\/\/ibercomp.com\/en\/wp-json\/wp\/v2\/media\/1346"}],"wp:attachment":[{"href":"https:\/\/ibercomp.com\/en\/wp-json\/wp\/v2\/media?parent=2507"}],"wp:term":[{"taxonomy":"product_brand","embeddable":true,"href":"https:\/\/ibercomp.com\/en\/wp-json\/wp\/v2\/product_brand?post=2507"},{"taxonomy":"product_cat","embeddable":true,"href":"https:\/\/ibercomp.com\/en\/wp-json\/wp\/v2\/product_cat?post=2507"},{"taxonomy":"product_tag","embeddable":true,"href":"https:\/\/ibercomp.com\/en\/wp-json\/wp\/v2\/product_tag?post=2507"}],"curies":[{"name":"wp","href":"https:\/\/api.w.org\/{rel}","templated":true}]}}