{"id":2503,"date":"2024-07-26T07:23:02","date_gmt":"2024-07-26T07:23:02","guid":{"rendered":"https:\/\/ibercomp.com\/producto\/modbus-rtu-rs485-4e4sa\/"},"modified":"2024-07-26T07:23:02","modified_gmt":"2024-07-26T07:23:02","slug":"modbus-rtu-rs485-4e4sa","status":"publish","type":"product","link":"https:\/\/ibercomp.com\/en\/product\/modbus-rtu-rs485-4e4sa\/","title":{"rendered":"Modbus RTU RS485 4E4SA"},"content":{"rendered":"<p><span style=\"color: #000000;\">The defining characteristics are:<\/span><\/p>\n<h3>Analog inputs:<\/h3>\n<ul>\n<li>4 analog inputs individually configurable as voltage (0V to 2.048V, 0V to 10V), resistance or current (0 to 20 mA). Externally, the ranges can be extended. <\/li>\n<li>Two terminals per input for easy connection.<\/li>\n<li>It has an internal filter algorithm to eliminate unwanted noise in the measurements.<\/li>\n<li>The front LEDs can be configured to activate when the input is within or outside a predefined range.<\/li>\n<li>For each input a signal window can be defined, which can activate a Discrete Input when the signal is inside or outside this window, thus allowing the analog inputs to be used as digital inputs.<\/li>\n<li>The inputs record maximum and minimum values reached, which are stored in a Holding Register and can be reset as required.<\/li>\n<\/ul>\n<h3>Analog Outputs:<\/h3>\n<ul>\n<li>4 analog outputs from 0 to 10 V with a resolution of 2.4 mV per output.<\/li>\n<li>Each output has a transistor capable of supplying a current up to 100 mA and is short-circuitable.<\/li>\n<li>The unit incorporates a non-volatile memory in which parameters can be preprogrammed, such as:\n<ul>\n<li>The initial values of the outputs when starting the module.<\/li>\n<li>The values to be acquired by the outputs when the equipment does not detect the presence of the control CPU.<\/li>\n<\/ul>\n<\/li>\n<li>The LEDs on the front can also be configured to indicate whether the output is within or outside a predefined range.<\/li>\n<\/ul>\n","protected":false},"excerpt":{"rendered":"<p><span style=\"color: #ff9900;\"><strong>Modbus module 4 analog inputs and 4 analog outputs<\/strong><\/span><\/p>\n<p>This module includes 4 analog inputs and 4 analog outputs. The inputs can be configured to measure voltage, current or resistance, while the outputs provide precise voltage control. <\/p>\n","protected":false},"featured_media":1038,"template":"","meta":[],"product_brand":[],"product_cat":[184],"product_tag":[],"class_list":{"0":"post-2503","1":"product","2":"type-product","3":"status-publish","4":"has-post-thumbnail","6":"product_cat-modbus-rtu-en-2","8":"first","9":"instock","10":"taxable","11":"shipping-taxable","12":"product-type-simple"},"yoast_head":"<!-- This site is optimized with the Yoast SEO Premium plugin v25.6 (Yoast SEO v27.3) - https:\/\/yoast.com\/product\/yoast-seo-premium-wordpress\/ -->\n<title>Modbus RTU RS485 4E4SA - IBERCOMP<\/title>\n<meta name=\"robots\" content=\"index, follow, max-snippet:-1, max-image-preview:large, max-video-preview:-1\" \/>\n<link rel=\"canonical\" href=\"https:\/\/ibercomp.com\/en\/product\/modbus-rtu-rs485-4e4sa\/\" \/>\n<meta property=\"og:locale\" content=\"en_US\" \/>\n<meta property=\"og:type\" content=\"article\" \/>\n<meta property=\"og:title\" content=\"Modbus RTU RS485 4E4SA\" \/>\n<meta property=\"og:description\" content=\"Modbus module 4 analog inputs and 4 analog outputs This module includes 4 analog inputs and 4 analog outputs. The inputs can be configured to measure voltage, current or resistance, while the outputs provide precise voltage control.\" \/>\n<meta property=\"og:url\" content=\"https:\/\/ibercomp.com\/en\/product\/modbus-rtu-rs485-4e4sa\/\" \/>\n<meta property=\"og:site_name\" content=\"IBERCOMP\" \/>\n<meta property=\"og:image\" content=\"https:\/\/ibercomp.com\/wp-content\/uploads\/2024\/06\/ibDAMmodbus.jpg\" \/>\n\t<meta property=\"og:image:width\" content=\"512\" \/>\n\t<meta property=\"og:image:height\" content=\"384\" \/>\n\t<meta property=\"og:image:type\" content=\"image\/jpeg\" \/>\n<meta name=\"twitter:card\" content=\"summary_large_image\" \/>\n<meta name=\"twitter:label1\" content=\"Est. reading time\" \/>\n\t<meta name=\"twitter:data1\" content=\"1 minute\" \/>\n<script type=\"application\/ld+json\" class=\"yoast-schema-graph\">{\"@context\":\"https:\\\/\\\/schema.org\",\"@graph\":[{\"@type\":\"WebPage\",\"@id\":\"https:\\\/\\\/ibercomp.com\\\/en\\\/product\\\/modbus-rtu-rs485-4e4sa\\\/\",\"url\":\"https:\\\/\\\/ibercomp.com\\\/en\\\/product\\\/modbus-rtu-rs485-4e4sa\\\/\",\"name\":\"Modbus RTU RS485 4E4SA - IBERCOMP\",\"isPartOf\":{\"@id\":\"https:\\\/\\\/ibercomp.com\\\/#website\"},\"primaryImageOfPage\":{\"@id\":\"https:\\\/\\\/ibercomp.com\\\/en\\\/product\\\/modbus-rtu-rs485-4e4sa\\\/#primaryimage\"},\"image\":{\"@id\":\"https:\\\/\\\/ibercomp.com\\\/en\\\/product\\\/modbus-rtu-rs485-4e4sa\\\/#primaryimage\"},\"thumbnailUrl\":\"https:\\\/\\\/ibercomp.com\\\/wp-content\\\/uploads\\\/2024\\\/06\\\/ibDAMmodbus.jpg\",\"datePublished\":\"2024-07-26T07:23:02+00:00\",\"breadcrumb\":{\"@id\":\"https:\\\/\\\/ibercomp.com\\\/en\\\/product\\\/modbus-rtu-rs485-4e4sa\\\/#breadcrumb\"},\"inLanguage\":\"en-US\",\"potentialAction\":[{\"@type\":\"ReadAction\",\"target\":[\"https:\\\/\\\/ibercomp.com\\\/en\\\/product\\\/modbus-rtu-rs485-4e4sa\\\/\"]}]},{\"@type\":\"ImageObject\",\"inLanguage\":\"en-US\",\"@id\":\"https:\\\/\\\/ibercomp.com\\\/en\\\/product\\\/modbus-rtu-rs485-4e4sa\\\/#primaryimage\",\"url\":\"https:\\\/\\\/ibercomp.com\\\/wp-content\\\/uploads\\\/2024\\\/06\\\/ibDAMmodbus.jpg\",\"contentUrl\":\"https:\\\/\\\/ibercomp.com\\\/wp-content\\\/uploads\\\/2024\\\/06\\\/ibDAMmodbus.jpg\",\"width\":512,\"height\":384},{\"@type\":\"BreadcrumbList\",\"@id\":\"https:\\\/\\\/ibercomp.com\\\/en\\\/product\\\/modbus-rtu-rs485-4e4sa\\\/#breadcrumb\",\"itemListElement\":[{\"@type\":\"ListItem\",\"position\":1,\"name\":\"Home\",\"item\":\"https:\\\/\\\/ibercomp.com\\\/en\\\/inicio\\\/\"},{\"@type\":\"ListItem\",\"position\":2,\"name\":\"SHOP\",\"item\":\"https:\\\/\\\/ibercomp.com\\\/en\\\/shop\\\/\"},{\"@type\":\"ListItem\",\"position\":3,\"name\":\"Modbus RTU RS485 4E4SA\"}]},{\"@type\":\"WebSite\",\"@id\":\"https:\\\/\\\/ibercomp.com\\\/#website\",\"url\":\"https:\\\/\\\/ibercomp.com\\\/\",\"name\":\"IBERCOMP\",\"description\":\"Dise\u00f1o y fabricaci\u00f3n de Equipos Electr\u00f3nicos basados en microcontrolador\",\"publisher\":{\"@id\":\"https:\\\/\\\/ibercomp.com\\\/#organization\"},\"potentialAction\":[{\"@type\":\"SearchAction\",\"target\":{\"@type\":\"EntryPoint\",\"urlTemplate\":\"https:\\\/\\\/ibercomp.com\\\/?s={search_term_string}\"},\"query-input\":{\"@type\":\"PropertyValueSpecification\",\"valueRequired\":true,\"valueName\":\"search_term_string\"}}],\"inLanguage\":\"en-US\"},{\"@type\":\"Organization\",\"@id\":\"https:\\\/\\\/ibercomp.com\\\/#organization\",\"name\":\"IBERCOMP\",\"url\":\"https:\\\/\\\/ibercomp.com\\\/\",\"logo\":{\"@type\":\"ImageObject\",\"inLanguage\":\"en-US\",\"@id\":\"https:\\\/\\\/ibercomp.com\\\/#\\\/schema\\\/logo\\\/image\\\/\",\"url\":\"https:\\\/\\\/ibercomp.com\\\/wp-content\\\/uploads\\\/2024\\\/04\\\/logo.png\",\"contentUrl\":\"https:\\\/\\\/ibercomp.com\\\/wp-content\\\/uploads\\\/2024\\\/04\\\/logo.png\",\"width\":301,\"height\":71,\"caption\":\"IBERCOMP\"},\"image\":{\"@id\":\"https:\\\/\\\/ibercomp.com\\\/#\\\/schema\\\/logo\\\/image\\\/\"}}]}<\/script>\n<!-- \/ Yoast SEO Premium plugin. -->","yoast_head_json":{"title":"Modbus RTU RS485 4E4SA - IBERCOMP","robots":{"index":"index","follow":"follow","max-snippet":"max-snippet:-1","max-image-preview":"max-image-preview:large","max-video-preview":"max-video-preview:-1"},"canonical":"https:\/\/ibercomp.com\/en\/product\/modbus-rtu-rs485-4e4sa\/","og_locale":"en_US","og_type":"article","og_title":"Modbus RTU RS485 4E4SA","og_description":"Modbus module 4 analog inputs and 4 analog outputs This module includes 4 analog inputs and 4 analog outputs. The inputs can be configured to measure voltage, current or resistance, while the outputs provide precise voltage control.","og_url":"https:\/\/ibercomp.com\/en\/product\/modbus-rtu-rs485-4e4sa\/","og_site_name":"IBERCOMP","og_image":[{"width":512,"height":384,"url":"https:\/\/ibercomp.com\/wp-content\/uploads\/2024\/06\/ibDAMmodbus.jpg","type":"image\/jpeg"}],"twitter_card":"summary_large_image","twitter_misc":{"Est. reading time":"1 minute"},"schema":{"@context":"https:\/\/schema.org","@graph":[{"@type":"WebPage","@id":"https:\/\/ibercomp.com\/en\/product\/modbus-rtu-rs485-4e4sa\/","url":"https:\/\/ibercomp.com\/en\/product\/modbus-rtu-rs485-4e4sa\/","name":"Modbus RTU RS485 4E4SA - IBERCOMP","isPartOf":{"@id":"https:\/\/ibercomp.com\/#website"},"primaryImageOfPage":{"@id":"https:\/\/ibercomp.com\/en\/product\/modbus-rtu-rs485-4e4sa\/#primaryimage"},"image":{"@id":"https:\/\/ibercomp.com\/en\/product\/modbus-rtu-rs485-4e4sa\/#primaryimage"},"thumbnailUrl":"https:\/\/ibercomp.com\/wp-content\/uploads\/2024\/06\/ibDAMmodbus.jpg","datePublished":"2024-07-26T07:23:02+00:00","breadcrumb":{"@id":"https:\/\/ibercomp.com\/en\/product\/modbus-rtu-rs485-4e4sa\/#breadcrumb"},"inLanguage":"en-US","potentialAction":[{"@type":"ReadAction","target":["https:\/\/ibercomp.com\/en\/product\/modbus-rtu-rs485-4e4sa\/"]}]},{"@type":"ImageObject","inLanguage":"en-US","@id":"https:\/\/ibercomp.com\/en\/product\/modbus-rtu-rs485-4e4sa\/#primaryimage","url":"https:\/\/ibercomp.com\/wp-content\/uploads\/2024\/06\/ibDAMmodbus.jpg","contentUrl":"https:\/\/ibercomp.com\/wp-content\/uploads\/2024\/06\/ibDAMmodbus.jpg","width":512,"height":384},{"@type":"BreadcrumbList","@id":"https:\/\/ibercomp.com\/en\/product\/modbus-rtu-rs485-4e4sa\/#breadcrumb","itemListElement":[{"@type":"ListItem","position":1,"name":"Home","item":"https:\/\/ibercomp.com\/en\/inicio\/"},{"@type":"ListItem","position":2,"name":"SHOP","item":"https:\/\/ibercomp.com\/en\/shop\/"},{"@type":"ListItem","position":3,"name":"Modbus RTU RS485 4E4SA"}]},{"@type":"WebSite","@id":"https:\/\/ibercomp.com\/#website","url":"https:\/\/ibercomp.com\/","name":"IBERCOMP","description":"Dise\u00f1o y fabricaci\u00f3n de Equipos Electr\u00f3nicos basados en microcontrolador","publisher":{"@id":"https:\/\/ibercomp.com\/#organization"},"potentialAction":[{"@type":"SearchAction","target":{"@type":"EntryPoint","urlTemplate":"https:\/\/ibercomp.com\/?s={search_term_string}"},"query-input":{"@type":"PropertyValueSpecification","valueRequired":true,"valueName":"search_term_string"}}],"inLanguage":"en-US"},{"@type":"Organization","@id":"https:\/\/ibercomp.com\/#organization","name":"IBERCOMP","url":"https:\/\/ibercomp.com\/","logo":{"@type":"ImageObject","inLanguage":"en-US","@id":"https:\/\/ibercomp.com\/#\/schema\/logo\/image\/","url":"https:\/\/ibercomp.com\/wp-content\/uploads\/2024\/04\/logo.png","contentUrl":"https:\/\/ibercomp.com\/wp-content\/uploads\/2024\/04\/logo.png","width":301,"height":71,"caption":"IBERCOMP"},"image":{"@id":"https:\/\/ibercomp.com\/#\/schema\/logo\/image\/"}}]}},"_links":{"self":[{"href":"https:\/\/ibercomp.com\/en\/wp-json\/wp\/v2\/product\/2503","targetHints":{"allow":["GET"]}}],"collection":[{"href":"https:\/\/ibercomp.com\/en\/wp-json\/wp\/v2\/product"}],"about":[{"href":"https:\/\/ibercomp.com\/en\/wp-json\/wp\/v2\/types\/product"}],"wp:featuredmedia":[{"embeddable":true,"href":"https:\/\/ibercomp.com\/en\/wp-json\/wp\/v2\/media\/1038"}],"wp:attachment":[{"href":"https:\/\/ibercomp.com\/en\/wp-json\/wp\/v2\/media?parent=2503"}],"wp:term":[{"taxonomy":"product_brand","embeddable":true,"href":"https:\/\/ibercomp.com\/en\/wp-json\/wp\/v2\/product_brand?post=2503"},{"taxonomy":"product_cat","embeddable":true,"href":"https:\/\/ibercomp.com\/en\/wp-json\/wp\/v2\/product_cat?post=2503"},{"taxonomy":"product_tag","embeddable":true,"href":"https:\/\/ibercomp.com\/en\/wp-json\/wp\/v2\/product_tag?post=2503"}],"curies":[{"name":"wp","href":"https:\/\/api.w.org\/{rel}","templated":true}]}}