{"id":2483,"date":"2024-07-26T06:47:08","date_gmt":"2024-07-26T06:47:08","guid":{"rendered":"https:\/\/ibercomp.com\/producto\/croom-eth\/"},"modified":"2024-07-26T06:47:08","modified_gmt":"2024-07-26T06:47:08","slug":"croom-eth","status":"publish","type":"product","link":"https:\/\/ibercomp.com\/en\/product\/croom-eth\/","title":{"rendered":"cRoom ETH"},"content":{"rendered":"<ul>\n<li><strong>Single Power Supply<\/strong>: Works with 12V or 24V.<\/li>\n<li><strong>Rail Box<\/strong>: Occupies 6 modules.<\/li>\n<li><strong>Plug-in connections<\/strong>: All power strips are designed for easy maintenance.<\/li>\n<li><strong>Reprogrammable microcontroller<\/strong>: Low power consumption and remote reprogramming capability via sftp.<\/li>\n<li><strong>Integrated Web Server<\/strong>: Allows configuration and monitoring through an intuitive web interface.<\/li>\n<li><strong>Real Time Clock<\/strong>: Equipped with buffer capacitor to ensure time accuracy.<\/li>\n<li><strong>Diagnostic LEDs<\/strong>: Includes three LEDs to indicate the status of communications, CPU and doors\/windows.<\/li>\n<li><strong>ModBus TCP communication<\/strong>: Supports communication over Ethernet, facilitating integration into existing networks.<\/li>\n<li><strong>Relay Outputs<\/strong>: It has five 5A electromechanical relay outputs with fuse, as well as two AUX outputs with solid state relay and one NC output for light contactor.<\/li>\n<li><strong>Fuse for Fancoil Outputs<\/strong>: Includes fault detection.<\/li>\n<li><strong>Sensor inputs<\/strong>: It has 2 inputs for PIR sensors, 2 inputs for window and door sensors, one input for auxiliary push button and 2 inputs for temperature probes.<\/li>\n<\/ul>\n<p>This device is capable of controlling a fancoil with one or two valves, regulating the climate through different modes: Occupied, Unoccupied, Comfort, Maintenance, Direct and Emergency. It also allows the control of lighting in areas such as terraces, courtesy, towel rails and extractors. The MODBUS cROOM ETH CONTROLLER includes advanced capabilities for integration with additional modules for access control, &#8220;do not disturb&#8221;, facade lights, light outputs and pushbutton panels.  <\/p>\n","protected":false},"excerpt":{"rendered":"<h3>MODBUS cROOM ETH CONTROLLER<\/h3>\n<p>The MODBUS cROOM ETH CONTROLLER is designed for efficient climate management in hotel rooms. With dimensions of 106\u00d790 mm, it is easily installed in electrical panels by means of a DIN rail box. <\/p>\n","protected":false},"featured_media":2006,"template":"","meta":[],"product_brand":[],"product_cat":[187],"product_tag":[],"class_list":{"0":"post-2483","1":"product","2":"type-product","3":"status-publish","4":"has-post-thumbnail","6":"product_cat-climate","8":"first","9":"instock","10":"taxable","11":"shipping-taxable","12":"product-type-simple"},"yoast_head":"<!-- This site is optimized with the Yoast SEO Premium plugin v25.6 (Yoast SEO v27.6) - https:\/\/yoast.com\/product\/yoast-seo-premium-wordpress\/ -->\n<title>cRoom ETH - IBERCOMP<\/title>\n<meta name=\"robots\" content=\"index, follow, max-snippet:-1, max-image-preview:large, max-video-preview:-1\" \/>\n<link rel=\"canonical\" href=\"https:\/\/ibercomp.com\/producto\/croom-eth\/\" \/>\n<meta property=\"og:locale\" content=\"en_US\" \/>\n<meta property=\"og:type\" content=\"article\" \/>\n<meta property=\"og:title\" content=\"cRoom ETH\" \/>\n<meta property=\"og:description\" content=\"MODBUS cROOM ETH CONTROLLER The MODBUS cROOM ETH CONTROLLER is designed for efficient climate management in hotel rooms. With dimensions of 106\u00d790 mm, it is easily installed in electrical panels by means of a DIN rail box.\" \/>\n<meta property=\"og:url\" content=\"https:\/\/ibercomp.com\/producto\/croom-eth\/\" \/>\n<meta property=\"og:site_name\" content=\"IBERCOMP\" \/>\n<meta property=\"og:image\" content=\"https:\/\/ibercomp.com\/wp-content\/uploads\/2024\/07\/cRoom-ETHt.png\" \/>\n\t<meta property=\"og:image:width\" content=\"512\" \/>\n\t<meta property=\"og:image:height\" content=\"384\" \/>\n\t<meta property=\"og:image:type\" content=\"image\/png\" \/>\n<meta name=\"twitter:card\" content=\"summary_large_image\" \/>\n<meta name=\"twitter:label1\" content=\"Est. reading time\" \/>\n\t<meta name=\"twitter:data1\" content=\"1 minute\" \/>\n<script type=\"application\/ld+json\" class=\"yoast-schema-graph\">{\"@context\":\"https:\\\/\\\/schema.org\",\"@graph\":[{\"@type\":\"WebPage\",\"@id\":\"https:\\\/\\\/ibercomp.com\\\/producto\\\/croom-eth\\\/\",\"url\":\"https:\\\/\\\/ibercomp.com\\\/producto\\\/croom-eth\\\/\",\"name\":\"cRoom ETH - IBERCOMP\",\"isPartOf\":{\"@id\":\"https:\\\/\\\/ibercomp.com\\\/#website\"},\"primaryImageOfPage\":{\"@id\":\"https:\\\/\\\/ibercomp.com\\\/producto\\\/croom-eth\\\/#primaryimage\"},\"image\":{\"@id\":\"https:\\\/\\\/ibercomp.com\\\/producto\\\/croom-eth\\\/#primaryimage\"},\"thumbnailUrl\":\"https:\\\/\\\/ibercomp.com\\\/wp-content\\\/uploads\\\/2024\\\/07\\\/cRoom-ETHt.png\",\"datePublished\":\"2024-07-26T06:47:08+00:00\",\"breadcrumb\":{\"@id\":\"https:\\\/\\\/ibercomp.com\\\/producto\\\/croom-eth\\\/#breadcrumb\"},\"inLanguage\":\"en-US\",\"potentialAction\":[{\"@type\":\"ReadAction\",\"target\":[\"https:\\\/\\\/ibercomp.com\\\/producto\\\/croom-eth\\\/\"]}]},{\"@type\":\"ImageObject\",\"inLanguage\":\"en-US\",\"@id\":\"https:\\\/\\\/ibercomp.com\\\/producto\\\/croom-eth\\\/#primaryimage\",\"url\":\"https:\\\/\\\/ibercomp.com\\\/wp-content\\\/uploads\\\/2024\\\/07\\\/cRoom-ETHt.png\",\"contentUrl\":\"https:\\\/\\\/ibercomp.com\\\/wp-content\\\/uploads\\\/2024\\\/07\\\/cRoom-ETHt.png\",\"width\":512,\"height\":384},{\"@type\":\"BreadcrumbList\",\"@id\":\"https:\\\/\\\/ibercomp.com\\\/producto\\\/croom-eth\\\/#breadcrumb\",\"itemListElement\":[{\"@type\":\"ListItem\",\"position\":1,\"name\":\"Home\",\"item\":\"https:\\\/\\\/ibercomp.com\\\/en\\\/inicio\\\/\"},{\"@type\":\"ListItem\",\"position\":2,\"name\":\"SHOP\",\"item\":\"https:\\\/\\\/ibercomp.com\\\/en\\\/shop\\\/\"},{\"@type\":\"ListItem\",\"position\":3,\"name\":\"cRoom ETH\"}]},{\"@type\":\"WebSite\",\"@id\":\"https:\\\/\\\/ibercomp.com\\\/#website\",\"url\":\"https:\\\/\\\/ibercomp.com\\\/\",\"name\":\"IBERCOMP\",\"description\":\"Dise\u00f1o y fabricaci\u00f3n de Equipos Electr\u00f3nicos basados en microcontrolador\",\"publisher\":{\"@id\":\"https:\\\/\\\/ibercomp.com\\\/#organization\"},\"potentialAction\":[{\"@type\":\"SearchAction\",\"target\":{\"@type\":\"EntryPoint\",\"urlTemplate\":\"https:\\\/\\\/ibercomp.com\\\/?s={search_term_string}\"},\"query-input\":{\"@type\":\"PropertyValueSpecification\",\"valueRequired\":true,\"valueName\":\"search_term_string\"}}],\"inLanguage\":\"en-US\"},{\"@type\":\"Organization\",\"@id\":\"https:\\\/\\\/ibercomp.com\\\/#organization\",\"name\":\"IBERCOMP\",\"url\":\"https:\\\/\\\/ibercomp.com\\\/\",\"logo\":{\"@type\":\"ImageObject\",\"inLanguage\":\"en-US\",\"@id\":\"https:\\\/\\\/ibercomp.com\\\/#\\\/schema\\\/logo\\\/image\\\/\",\"url\":\"https:\\\/\\\/ibercomp.com\\\/wp-content\\\/uploads\\\/2024\\\/04\\\/logo.png\",\"contentUrl\":\"https:\\\/\\\/ibercomp.com\\\/wp-content\\\/uploads\\\/2024\\\/04\\\/logo.png\",\"width\":301,\"height\":71,\"caption\":\"IBERCOMP\"},\"image\":{\"@id\":\"https:\\\/\\\/ibercomp.com\\\/#\\\/schema\\\/logo\\\/image\\\/\"}}]}<\/script>\n<!-- \/ Yoast SEO Premium plugin. -->","yoast_head_json":{"title":"cRoom ETH - IBERCOMP","robots":{"index":"index","follow":"follow","max-snippet":"max-snippet:-1","max-image-preview":"max-image-preview:large","max-video-preview":"max-video-preview:-1"},"canonical":"https:\/\/ibercomp.com\/producto\/croom-eth\/","og_locale":"en_US","og_type":"article","og_title":"cRoom ETH","og_description":"MODBUS cROOM ETH CONTROLLER The MODBUS cROOM ETH CONTROLLER is designed for efficient climate management in hotel rooms. With dimensions of 106\u00d790 mm, it is easily installed in electrical panels by means of a DIN rail box.","og_url":"https:\/\/ibercomp.com\/producto\/croom-eth\/","og_site_name":"IBERCOMP","og_image":[{"width":512,"height":384,"url":"https:\/\/ibercomp.com\/wp-content\/uploads\/2024\/07\/cRoom-ETHt.png","type":"image\/png"}],"twitter_card":"summary_large_image","twitter_misc":{"Est. reading time":"1 minute"},"schema":{"@context":"https:\/\/schema.org","@graph":[{"@type":"WebPage","@id":"https:\/\/ibercomp.com\/producto\/croom-eth\/","url":"https:\/\/ibercomp.com\/producto\/croom-eth\/","name":"cRoom ETH - IBERCOMP","isPartOf":{"@id":"https:\/\/ibercomp.com\/#website"},"primaryImageOfPage":{"@id":"https:\/\/ibercomp.com\/producto\/croom-eth\/#primaryimage"},"image":{"@id":"https:\/\/ibercomp.com\/producto\/croom-eth\/#primaryimage"},"thumbnailUrl":"https:\/\/ibercomp.com\/wp-content\/uploads\/2024\/07\/cRoom-ETHt.png","datePublished":"2024-07-26T06:47:08+00:00","breadcrumb":{"@id":"https:\/\/ibercomp.com\/producto\/croom-eth\/#breadcrumb"},"inLanguage":"en-US","potentialAction":[{"@type":"ReadAction","target":["https:\/\/ibercomp.com\/producto\/croom-eth\/"]}]},{"@type":"ImageObject","inLanguage":"en-US","@id":"https:\/\/ibercomp.com\/producto\/croom-eth\/#primaryimage","url":"https:\/\/ibercomp.com\/wp-content\/uploads\/2024\/07\/cRoom-ETHt.png","contentUrl":"https:\/\/ibercomp.com\/wp-content\/uploads\/2024\/07\/cRoom-ETHt.png","width":512,"height":384},{"@type":"BreadcrumbList","@id":"https:\/\/ibercomp.com\/producto\/croom-eth\/#breadcrumb","itemListElement":[{"@type":"ListItem","position":1,"name":"Home","item":"https:\/\/ibercomp.com\/en\/inicio\/"},{"@type":"ListItem","position":2,"name":"SHOP","item":"https:\/\/ibercomp.com\/en\/shop\/"},{"@type":"ListItem","position":3,"name":"cRoom ETH"}]},{"@type":"WebSite","@id":"https:\/\/ibercomp.com\/#website","url":"https:\/\/ibercomp.com\/","name":"IBERCOMP","description":"Dise\u00f1o y fabricaci\u00f3n de Equipos Electr\u00f3nicos basados en microcontrolador","publisher":{"@id":"https:\/\/ibercomp.com\/#organization"},"potentialAction":[{"@type":"SearchAction","target":{"@type":"EntryPoint","urlTemplate":"https:\/\/ibercomp.com\/?s={search_term_string}"},"query-input":{"@type":"PropertyValueSpecification","valueRequired":true,"valueName":"search_term_string"}}],"inLanguage":"en-US"},{"@type":"Organization","@id":"https:\/\/ibercomp.com\/#organization","name":"IBERCOMP","url":"https:\/\/ibercomp.com\/","logo":{"@type":"ImageObject","inLanguage":"en-US","@id":"https:\/\/ibercomp.com\/#\/schema\/logo\/image\/","url":"https:\/\/ibercomp.com\/wp-content\/uploads\/2024\/04\/logo.png","contentUrl":"https:\/\/ibercomp.com\/wp-content\/uploads\/2024\/04\/logo.png","width":301,"height":71,"caption":"IBERCOMP"},"image":{"@id":"https:\/\/ibercomp.com\/#\/schema\/logo\/image\/"}}]}},"_links":{"self":[{"href":"https:\/\/ibercomp.com\/en\/wp-json\/wp\/v2\/product\/2483","targetHints":{"allow":["GET"]}}],"collection":[{"href":"https:\/\/ibercomp.com\/en\/wp-json\/wp\/v2\/product"}],"about":[{"href":"https:\/\/ibercomp.com\/en\/wp-json\/wp\/v2\/types\/product"}],"wp:featuredmedia":[{"embeddable":true,"href":"https:\/\/ibercomp.com\/en\/wp-json\/wp\/v2\/media\/2006"}],"wp:attachment":[{"href":"https:\/\/ibercomp.com\/en\/wp-json\/wp\/v2\/media?parent=2483"}],"wp:term":[{"taxonomy":"product_brand","embeddable":true,"href":"https:\/\/ibercomp.com\/en\/wp-json\/wp\/v2\/product_brand?post=2483"},{"taxonomy":"product_cat","embeddable":true,"href":"https:\/\/ibercomp.com\/en\/wp-json\/wp\/v2\/product_cat?post=2483"},{"taxonomy":"product_tag","embeddable":true,"href":"https:\/\/ibercomp.com\/en\/wp-json\/wp\/v2\/product_tag?post=2483"}],"curies":[{"name":"wp","href":"https:\/\/api.w.org\/{rel}","templated":true}]}}