{"id":2482,"date":"2024-07-26T06:46:19","date_gmt":"2024-07-26T06:46:19","guid":{"rendered":"https:\/\/ibercomp.com\/producto\/croom-32\/"},"modified":"2024-07-26T06:46:19","modified_gmt":"2024-07-26T06:46:19","slug":"croom-32","status":"publish","type":"product","link":"https:\/\/ibercomp.com\/en\/product\/croom-32\/","title":{"rendered":"cROOM 32"},"content":{"rendered":"<ul>\n<li><strong>Single power supply<\/strong>: Works with 12V or 24V.<\/li>\n<li><strong>Box for rail <\/strong>6 modules.<\/li>\n<li><strong>Plug-in connections<\/strong>: All power strips are designed for easy maintenance.<\/li>\n<li><strong>Reprogrammable 32-bit microcontroller<\/strong>: Low power consumption and remote reprogramming capability via modbus.<\/li>\n<li><strong>Real-time clock<\/strong> with buffer capacitor.<\/li>\n<li><strong>Diagnostic LEDs<\/strong>: Includes three LEDs to indicate the status of communications, CPU and doors\/windows.<\/li>\n<li><strong>Speed Configuration<\/strong>: Equipped with an <strong>8-position<\/strong> microswitch for direction and speed configuration.<\/li>\n<li><strong>ModBus communication<\/strong>: Supports external communication and internal ModBus EIA-485 bus.<\/li>\n<li><strong>Relay Outputs<\/strong>: It has five<strong> 5A electromechanical relay outputs<\/strong> with fuse, as well as <strong>two AUX outputs<\/strong> with solid state relay and one NC output for light contactor.<\/li>\n<li><strong>Fuse for fancoil outputs, <\/strong>with fault detection<\/li>\n<li><strong>Sensor inputs<\/strong>: It has <strong>2 inputs for PIR sensors<\/strong>, <strong>2 inputs for window and door sensors, one for auxiliary push button input <\/strong>and <strong>2 inputs for temperature probes<\/strong>.<\/li>\n<\/ul>\n<p>This device is capable of controlling a fancoil with one or two valves, regulating the climate through different modes: Occupied, Unoccupied, Comfort, Maintenance, Direct and Emergency. It also allows the control of lighting in areas such as terraces, courtesy, towel rails and extractors. The MODBUS CONTROLLER cROOM 1R-IB includes a second 485 connection to integrate with our CP2, CP3 or CP4 consoles, as well as with additional modules for access control, &#8220;do not disturb&#8221;, fa\u00e7ade lights, light outputs and pushbutton panels. This equipment is the most robust on the market, with overvoltage, overcurrent and static protection.  <\/p>\n","protected":false},"excerpt":{"rendered":"<h3>MODBUS CONTROLLER cROOM 32<\/h3>\n<p>The MODBUS CONTROLLER cROOM 1R-IB is designed for efficient climate management in hotel rooms. With dimensions of <strong>106&#215;90 mm<\/strong>, it is easily installed in electrical panels using a DIN rail box. <\/p>\n","protected":false},"featured_media":2044,"template":"","meta":[],"product_brand":[],"product_cat":[187],"product_tag":[],"class_list":{"0":"post-2482","1":"product","2":"type-product","3":"status-publish","4":"has-post-thumbnail","6":"product_cat-climate","8":"first","9":"instock","10":"taxable","11":"shipping-taxable","12":"product-type-simple"},"yoast_head":"<!-- This site is optimized with the Yoast SEO Premium plugin v25.6 (Yoast SEO v27.6) - https:\/\/yoast.com\/product\/yoast-seo-premium-wordpress\/ -->\n<title>cROOM 32 - IBERCOMP<\/title>\n<meta name=\"robots\" content=\"index, follow, max-snippet:-1, max-image-preview:large, max-video-preview:-1\" \/>\n<link rel=\"canonical\" href=\"https:\/\/ibercomp.com\/producto\/croom-32\/\" \/>\n<meta property=\"og:locale\" content=\"en_US\" \/>\n<meta property=\"og:type\" content=\"article\" \/>\n<meta property=\"og:title\" content=\"cROOM 32\" \/>\n<meta property=\"og:description\" content=\"MODBUS CONTROLLER cROOM 32 The MODBUS CONTROLLER cROOM 1R-IB is designed for efficient climate management in hotel rooms. With dimensions of 106x90 mm, it is easily installed in electrical panels using a DIN rail box.\" \/>\n<meta property=\"og:url\" content=\"https:\/\/ibercomp.com\/producto\/croom-32\/\" \/>\n<meta property=\"og:site_name\" content=\"IBERCOMP\" \/>\n<meta property=\"og:image\" content=\"https:\/\/ibercomp.com\/wp-content\/uploads\/2024\/07\/croom32t.png\" \/>\n\t<meta property=\"og:image:width\" content=\"512\" \/>\n\t<meta property=\"og:image:height\" content=\"384\" \/>\n\t<meta property=\"og:image:type\" content=\"image\/png\" \/>\n<meta name=\"twitter:card\" content=\"summary_large_image\" \/>\n<meta name=\"twitter:label1\" content=\"Est. reading time\" \/>\n\t<meta name=\"twitter:data1\" content=\"1 minute\" \/>\n<script type=\"application\/ld+json\" class=\"yoast-schema-graph\">{\"@context\":\"https:\\\/\\\/schema.org\",\"@graph\":[{\"@type\":\"WebPage\",\"@id\":\"https:\\\/\\\/ibercomp.com\\\/producto\\\/croom-32\\\/\",\"url\":\"https:\\\/\\\/ibercomp.com\\\/producto\\\/croom-32\\\/\",\"name\":\"cROOM 32 - IBERCOMP\",\"isPartOf\":{\"@id\":\"https:\\\/\\\/ibercomp.com\\\/#website\"},\"primaryImageOfPage\":{\"@id\":\"https:\\\/\\\/ibercomp.com\\\/producto\\\/croom-32\\\/#primaryimage\"},\"image\":{\"@id\":\"https:\\\/\\\/ibercomp.com\\\/producto\\\/croom-32\\\/#primaryimage\"},\"thumbnailUrl\":\"https:\\\/\\\/ibercomp.com\\\/wp-content\\\/uploads\\\/2024\\\/07\\\/croom32t.png\",\"datePublished\":\"2024-07-26T06:46:19+00:00\",\"breadcrumb\":{\"@id\":\"https:\\\/\\\/ibercomp.com\\\/producto\\\/croom-32\\\/#breadcrumb\"},\"inLanguage\":\"en-US\",\"potentialAction\":[{\"@type\":\"ReadAction\",\"target\":[\"https:\\\/\\\/ibercomp.com\\\/producto\\\/croom-32\\\/\"]}]},{\"@type\":\"ImageObject\",\"inLanguage\":\"en-US\",\"@id\":\"https:\\\/\\\/ibercomp.com\\\/producto\\\/croom-32\\\/#primaryimage\",\"url\":\"https:\\\/\\\/ibercomp.com\\\/wp-content\\\/uploads\\\/2024\\\/07\\\/croom32t.png\",\"contentUrl\":\"https:\\\/\\\/ibercomp.com\\\/wp-content\\\/uploads\\\/2024\\\/07\\\/croom32t.png\",\"width\":512,\"height\":384},{\"@type\":\"BreadcrumbList\",\"@id\":\"https:\\\/\\\/ibercomp.com\\\/producto\\\/croom-32\\\/#breadcrumb\",\"itemListElement\":[{\"@type\":\"ListItem\",\"position\":1,\"name\":\"Home\",\"item\":\"https:\\\/\\\/ibercomp.com\\\/en\\\/inicio\\\/\"},{\"@type\":\"ListItem\",\"position\":2,\"name\":\"SHOP\",\"item\":\"https:\\\/\\\/ibercomp.com\\\/en\\\/shop\\\/\"},{\"@type\":\"ListItem\",\"position\":3,\"name\":\"cROOM 32\"}]},{\"@type\":\"WebSite\",\"@id\":\"https:\\\/\\\/ibercomp.com\\\/#website\",\"url\":\"https:\\\/\\\/ibercomp.com\\\/\",\"name\":\"IBERCOMP\",\"description\":\"Dise\u00f1o y fabricaci\u00f3n de Equipos Electr\u00f3nicos basados en microcontrolador\",\"publisher\":{\"@id\":\"https:\\\/\\\/ibercomp.com\\\/#organization\"},\"potentialAction\":[{\"@type\":\"SearchAction\",\"target\":{\"@type\":\"EntryPoint\",\"urlTemplate\":\"https:\\\/\\\/ibercomp.com\\\/?s={search_term_string}\"},\"query-input\":{\"@type\":\"PropertyValueSpecification\",\"valueRequired\":true,\"valueName\":\"search_term_string\"}}],\"inLanguage\":\"en-US\"},{\"@type\":\"Organization\",\"@id\":\"https:\\\/\\\/ibercomp.com\\\/#organization\",\"name\":\"IBERCOMP\",\"url\":\"https:\\\/\\\/ibercomp.com\\\/\",\"logo\":{\"@type\":\"ImageObject\",\"inLanguage\":\"en-US\",\"@id\":\"https:\\\/\\\/ibercomp.com\\\/#\\\/schema\\\/logo\\\/image\\\/\",\"url\":\"https:\\\/\\\/ibercomp.com\\\/wp-content\\\/uploads\\\/2024\\\/04\\\/logo.png\",\"contentUrl\":\"https:\\\/\\\/ibercomp.com\\\/wp-content\\\/uploads\\\/2024\\\/04\\\/logo.png\",\"width\":301,\"height\":71,\"caption\":\"IBERCOMP\"},\"image\":{\"@id\":\"https:\\\/\\\/ibercomp.com\\\/#\\\/schema\\\/logo\\\/image\\\/\"}}]}<\/script>\n<!-- \/ Yoast SEO Premium plugin. -->","yoast_head_json":{"title":"cROOM 32 - IBERCOMP","robots":{"index":"index","follow":"follow","max-snippet":"max-snippet:-1","max-image-preview":"max-image-preview:large","max-video-preview":"max-video-preview:-1"},"canonical":"https:\/\/ibercomp.com\/producto\/croom-32\/","og_locale":"en_US","og_type":"article","og_title":"cROOM 32","og_description":"MODBUS CONTROLLER cROOM 32 The MODBUS CONTROLLER cROOM 1R-IB is designed for efficient climate management in hotel rooms. With dimensions of 106x90 mm, it is easily installed in electrical panels using a DIN rail box.","og_url":"https:\/\/ibercomp.com\/producto\/croom-32\/","og_site_name":"IBERCOMP","og_image":[{"width":512,"height":384,"url":"https:\/\/ibercomp.com\/wp-content\/uploads\/2024\/07\/croom32t.png","type":"image\/png"}],"twitter_card":"summary_large_image","twitter_misc":{"Est. reading time":"1 minute"},"schema":{"@context":"https:\/\/schema.org","@graph":[{"@type":"WebPage","@id":"https:\/\/ibercomp.com\/producto\/croom-32\/","url":"https:\/\/ibercomp.com\/producto\/croom-32\/","name":"cROOM 32 - IBERCOMP","isPartOf":{"@id":"https:\/\/ibercomp.com\/#website"},"primaryImageOfPage":{"@id":"https:\/\/ibercomp.com\/producto\/croom-32\/#primaryimage"},"image":{"@id":"https:\/\/ibercomp.com\/producto\/croom-32\/#primaryimage"},"thumbnailUrl":"https:\/\/ibercomp.com\/wp-content\/uploads\/2024\/07\/croom32t.png","datePublished":"2024-07-26T06:46:19+00:00","breadcrumb":{"@id":"https:\/\/ibercomp.com\/producto\/croom-32\/#breadcrumb"},"inLanguage":"en-US","potentialAction":[{"@type":"ReadAction","target":["https:\/\/ibercomp.com\/producto\/croom-32\/"]}]},{"@type":"ImageObject","inLanguage":"en-US","@id":"https:\/\/ibercomp.com\/producto\/croom-32\/#primaryimage","url":"https:\/\/ibercomp.com\/wp-content\/uploads\/2024\/07\/croom32t.png","contentUrl":"https:\/\/ibercomp.com\/wp-content\/uploads\/2024\/07\/croom32t.png","width":512,"height":384},{"@type":"BreadcrumbList","@id":"https:\/\/ibercomp.com\/producto\/croom-32\/#breadcrumb","itemListElement":[{"@type":"ListItem","position":1,"name":"Home","item":"https:\/\/ibercomp.com\/en\/inicio\/"},{"@type":"ListItem","position":2,"name":"SHOP","item":"https:\/\/ibercomp.com\/en\/shop\/"},{"@type":"ListItem","position":3,"name":"cROOM 32"}]},{"@type":"WebSite","@id":"https:\/\/ibercomp.com\/#website","url":"https:\/\/ibercomp.com\/","name":"IBERCOMP","description":"Dise\u00f1o y fabricaci\u00f3n de Equipos Electr\u00f3nicos basados en microcontrolador","publisher":{"@id":"https:\/\/ibercomp.com\/#organization"},"potentialAction":[{"@type":"SearchAction","target":{"@type":"EntryPoint","urlTemplate":"https:\/\/ibercomp.com\/?s={search_term_string}"},"query-input":{"@type":"PropertyValueSpecification","valueRequired":true,"valueName":"search_term_string"}}],"inLanguage":"en-US"},{"@type":"Organization","@id":"https:\/\/ibercomp.com\/#organization","name":"IBERCOMP","url":"https:\/\/ibercomp.com\/","logo":{"@type":"ImageObject","inLanguage":"en-US","@id":"https:\/\/ibercomp.com\/#\/schema\/logo\/image\/","url":"https:\/\/ibercomp.com\/wp-content\/uploads\/2024\/04\/logo.png","contentUrl":"https:\/\/ibercomp.com\/wp-content\/uploads\/2024\/04\/logo.png","width":301,"height":71,"caption":"IBERCOMP"},"image":{"@id":"https:\/\/ibercomp.com\/#\/schema\/logo\/image\/"}}]}},"_links":{"self":[{"href":"https:\/\/ibercomp.com\/en\/wp-json\/wp\/v2\/product\/2482","targetHints":{"allow":["GET"]}}],"collection":[{"href":"https:\/\/ibercomp.com\/en\/wp-json\/wp\/v2\/product"}],"about":[{"href":"https:\/\/ibercomp.com\/en\/wp-json\/wp\/v2\/types\/product"}],"wp:featuredmedia":[{"embeddable":true,"href":"https:\/\/ibercomp.com\/en\/wp-json\/wp\/v2\/media\/2044"}],"wp:attachment":[{"href":"https:\/\/ibercomp.com\/en\/wp-json\/wp\/v2\/media?parent=2482"}],"wp:term":[{"taxonomy":"product_brand","embeddable":true,"href":"https:\/\/ibercomp.com\/en\/wp-json\/wp\/v2\/product_brand?post=2482"},{"taxonomy":"product_cat","embeddable":true,"href":"https:\/\/ibercomp.com\/en\/wp-json\/wp\/v2\/product_cat?post=2482"},{"taxonomy":"product_tag","embeddable":true,"href":"https:\/\/ibercomp.com\/en\/wp-json\/wp\/v2\/product_tag?post=2482"}],"curies":[{"name":"wp","href":"https:\/\/api.w.org\/{rel}","templated":true}]}}