{"id":2471,"date":"2024-07-26T08:23:52","date_gmt":"2024-07-26T08:23:52","guid":{"rendered":"https:\/\/ibercomp.com\/producto\/cold-storage-alarm\/"},"modified":"2025-01-30T09:00:57","modified_gmt":"2025-01-30T09:00:57","slug":"cold-storage-alarm","status":"publish","type":"product","link":"https:\/\/ibercomp.com\/en\/product\/cold-storage-alarm\/","title":{"rendered":"Cold Storage Alarm"},"content":{"rendered":"[vc_row type=&#8221;in_container&#8221; full_screen_row_position=&#8221;middle&#8221; column_margin=&#8221;default&#8221; column_direction=&#8221;default&#8221; column_direction_tablet=&#8221;default&#8221; column_direction_phone=&#8221;default&#8221; scene_position=&#8221;center&#8221; text_color=&#8221;dark&#8221; text_align=&#8221;left&#8221; row_border_radius=&#8221;none&#8221; row_border_radius_applies=&#8221;bg&#8221; overflow=&#8221;visible&#8221; overlay_strength=&#8221;0.3&#8243; gradient_direction=&#8221;left_to_right&#8221; shape_divider_position=&#8221;bottom&#8221; bg_image_animation=&#8221;none&#8221;][vc_column column_padding=&#8221;no-extra-padding&#8221; column_padding_tablet=&#8221;inherit&#8221; column_padding_phone=&#8221;inherit&#8221; column_padding_position=&#8221;all&#8221; column_element_direction_desktop=&#8221;default&#8221; column_element_spacing=&#8221;default&#8221; desktop_text_alignment=&#8221;default&#8221; tablet_text_alignment=&#8221;default&#8221; phone_text_alignment=&#8221;default&#8221; background_color_opacity=&#8221;1&#8243; background_hover_color_opacity=&#8221;1&#8243; column_backdrop_filter=&#8221;none&#8221; column_shadow=&#8221;none&#8221; column_border_radius=&#8221;none&#8221; column_link_target=&#8221;_self&#8221; column_position=&#8221;default&#8221; gradient_direction=&#8221;left_to_right&#8221; overlay_strength=&#8221;0.3&#8243; width=&#8221;1\/1&#8243; tablet_width_inherit=&#8221;default&#8221; animation_type=&#8221;default&#8221; bg_image_animation=&#8221;none&#8221; border_type=&#8221;simple&#8221; column_border_width=&#8221;none&#8221; column_border_style=&#8221;solid&#8221;][vc_column_text]<strong>Construction:<\/strong><\/p>\n<ul>\n<li><strong>90&#215;90 mm sealed box:<\/strong> Compact and resistant design, ideal for mounting on the cold room door, ensuring durability and protection in demanding environments.<\/li>\n<\/ul>\n<p><strong>Power supply:<\/strong> 12-24V DC<\/p>\n<p><strong>Visual and Sound Alert:<\/strong><\/p>\n<ul>\n<li><strong>High Intensity Front LED:<\/strong> Automatically illuminates when the door is opened, providing a clear visual signal.<\/li>\n<li><strong>105 dB buzzer:<\/strong> Activates intermittent beeps after a programmable time (5 minutes by default) when the door is left open, audibly alerting the user.<\/li>\n<\/ul>\n<p><strong>Integrated sensors:<\/strong><\/p>\n<ul>\n<li><strong>Magnetic Door Status Sensor:<\/strong> Automatically detects when the door is opened or closed.<\/li>\n<li><strong>10K NTC Temperature Probe:<\/strong> Included as standard for accurate internal temperature measurement.<\/li>\n<li><strong>Optional AM2302 Temperature and Humidity Sensor:<\/strong> Allows complete monitoring of internal conditions.<\/li>\n<\/ul>\n<p><strong>Programmable Configuration:<\/strong><\/p>\n<ul>\n<li><strong>Adjustable Warning Time:<\/strong> The interval before the buzzer and LED start warning is configurable, allowing flexible adaptation to different applications.<\/li>\n<\/ul>\n[\/vc_column_text][\/vc_column][\/vc_row][vc_row type=&#8221;in_container&#8221; full_screen_row_position=&#8221;middle&#8221; column_margin=&#8221;default&#8221; column_direction=&#8221;default&#8221; column_direction_tablet=&#8221;default&#8221; column_direction_phone=&#8221;default&#8221; scene_position=&#8221;center&#8221; text_color=&#8221;dark&#8221; text_align=&#8221;left&#8221; row_border_radius=&#8221;none&#8221; row_border_radius_applies=&#8221;bg&#8221; overflow=&#8221;visible&#8221; overlay_strength=&#8221;0.3&#8243; gradient_direction=&#8221;left_to_right&#8221; shape_divider_position=&#8221;bottom&#8221; bg_image_animation=&#8221;none&#8221;][vc_column column_padding=&#8221;no-extra-padding&#8221; column_padding_tablet=&#8221;inherit&#8221; column_padding_phone=&#8221;inherit&#8221; column_padding_position=&#8221;all&#8221; column_element_direction_desktop=&#8221;default&#8221; column_element_spacing=&#8221;default&#8221; desktop_text_alignment=&#8221;default&#8221; tablet_text_alignment=&#8221;default&#8221; phone_text_alignment=&#8221;default&#8221; background_color_opacity=&#8221;1&#8243; background_hover_color_opacity=&#8221;1&#8243; column_backdrop_filter=&#8221;none&#8221; column_shadow=&#8221;none&#8221; column_border_radius=&#8221;none&#8221; column_link_target=&#8221;_self&#8221; column_position=&#8221;default&#8221; gradient_direction=&#8221;left_to_right&#8221; overlay_strength=&#8221;0.3&#8243; width=&#8221;1\/1&#8243; tablet_width_inherit=&#8221;default&#8221; animation_type=&#8221;default&#8221; bg_image_animation=&#8221;none&#8221; border_type=&#8221;simple&#8221; column_border_width=&#8221;none&#8221; column_border_style=&#8221;solid&#8221;][tabbed_section style=&#8221;default&#8221; tab_change_animation=&#8221;fade&#8221; alignment=&#8221;left&#8221; spacing=&#8221;default&#8221; tab_color=&#8221;Accent-Color&#8221; vs_content_animation=&#8221;fade&#8221; vs_link_animation=&#8221;opacity&#8221; vs_navigation_alignment=&#8221;left&#8221; vs_navigation_width_2=&#8221;25%&#8221; vs_navigation_func=&#8221;default&#8221; vs_navigation_width=&#8221;regular&#8221; vs_navigation_spacing=&#8221;15px&#8221; vs_navigation_mobile_display=&#8221;visible&#8221; vs_tab_spacing=&#8221;5%&#8221;][tab icon_family=&#8221;none&#8221; title=&#8221;DOCUMENTATION&#8221; id=&#8221;1738226325055-6&#8243; tab_id=&#8221;1738226325055-4&#8243;][vc_column_text]<a href=\"https:\/\/ibercomp.com\/wp-content\/uploads\/2025\/01\/ColdRoomAlarmGuide.pdf\" target=\"_blank\" rel=\"noopener\"><strong>Datasheet Cold Room Alarm<\/strong><\/a>[\/vc_column_text][\/tab][\/tabbed_section][\/vc_column][\/vc_row]\n","protected":false},"excerpt":{"rendered":"<p>This cold room alarm is designed to effectively monitor door status and temperature, providing visual and audible alerts to maintain optimal conditions. The unit is powered by 12V to 24V DC power and features a Modbus port for remote configuration and monitoring. <\/p>\n","protected":false},"featured_media":1936,"template":"","meta":[],"product_brand":[],"product_cat":[194],"product_tag":[],"class_list":{"0":"post-2471","1":"product","2":"type-product","3":"status-publish","4":"has-post-thumbnail","6":"product_cat-specific-functions","8":"first","9":"instock","10":"taxable","11":"shipping-taxable","12":"purchasable","13":"product-type-simple"},"yoast_head":"<!-- This site is optimized with the Yoast SEO Premium plugin v25.6 (Yoast SEO v27.4) - https:\/\/yoast.com\/product\/yoast-seo-premium-wordpress\/ -->\n<title>Cold Storage Alarm - IBERCOMP<\/title>\n<meta name=\"robots\" content=\"index, follow, max-snippet:-1, max-image-preview:large, max-video-preview:-1\" \/>\n<link rel=\"canonical\" href=\"https:\/\/ibercomp.com\/en\/product\/cold-storage-alarm\/\" \/>\n<meta property=\"og:locale\" content=\"en_US\" \/>\n<meta property=\"og:type\" content=\"article\" \/>\n<meta property=\"og:title\" content=\"Cold Storage Alarm\" \/>\n<meta property=\"og:description\" content=\"This cold room alarm is designed to effectively monitor door status and temperature, providing visual and audible alerts to maintain optimal conditions. The unit is powered by 12V to 24V DC power and features a Modbus port for remote configuration and monitoring.\" \/>\n<meta property=\"og:url\" content=\"https:\/\/ibercomp.com\/en\/product\/cold-storage-alarm\/\" \/>\n<meta property=\"og:site_name\" content=\"IBERCOMP\" \/>\n<meta property=\"article:modified_time\" content=\"2025-01-30T09:00:57+00:00\" \/>\n<meta property=\"og:image\" content=\"https:\/\/ibercomp.com\/wp-content\/uploads\/2024\/09\/categoriaFuncionesEspecificas-1.png\" \/>\n\t<meta property=\"og:image:width\" content=\"512\" \/>\n\t<meta property=\"og:image:height\" content=\"384\" \/>\n\t<meta property=\"og:image:type\" content=\"image\/png\" \/>\n<meta name=\"twitter:card\" content=\"summary_large_image\" \/>\n<meta name=\"twitter:label1\" content=\"Est. reading time\" \/>\n\t<meta name=\"twitter:data1\" content=\"2 minutes\" \/>\n<script type=\"application\/ld+json\" class=\"yoast-schema-graph\">{\"@context\":\"https:\\\/\\\/schema.org\",\"@graph\":[{\"@type\":\"WebPage\",\"@id\":\"https:\\\/\\\/ibercomp.com\\\/en\\\/product\\\/cold-storage-alarm\\\/\",\"url\":\"https:\\\/\\\/ibercomp.com\\\/en\\\/product\\\/cold-storage-alarm\\\/\",\"name\":\"Cold Storage Alarm - IBERCOMP\",\"isPartOf\":{\"@id\":\"https:\\\/\\\/ibercomp.com\\\/#website\"},\"primaryImageOfPage\":{\"@id\":\"https:\\\/\\\/ibercomp.com\\\/en\\\/product\\\/cold-storage-alarm\\\/#primaryimage\"},\"image\":{\"@id\":\"https:\\\/\\\/ibercomp.com\\\/en\\\/product\\\/cold-storage-alarm\\\/#primaryimage\"},\"thumbnailUrl\":\"https:\\\/\\\/ibercomp.com\\\/wp-content\\\/uploads\\\/2024\\\/09\\\/categoriaFuncionesEspecificas-1.png\",\"datePublished\":\"2024-07-26T08:23:52+00:00\",\"dateModified\":\"2025-01-30T09:00:57+00:00\",\"breadcrumb\":{\"@id\":\"https:\\\/\\\/ibercomp.com\\\/en\\\/product\\\/cold-storage-alarm\\\/#breadcrumb\"},\"inLanguage\":\"en-US\",\"potentialAction\":[{\"@type\":\"ReadAction\",\"target\":[\"https:\\\/\\\/ibercomp.com\\\/en\\\/product\\\/cold-storage-alarm\\\/\"]}]},{\"@type\":\"ImageObject\",\"inLanguage\":\"en-US\",\"@id\":\"https:\\\/\\\/ibercomp.com\\\/en\\\/product\\\/cold-storage-alarm\\\/#primaryimage\",\"url\":\"https:\\\/\\\/ibercomp.com\\\/wp-content\\\/uploads\\\/2024\\\/09\\\/categoriaFuncionesEspecificas-1.png\",\"contentUrl\":\"https:\\\/\\\/ibercomp.com\\\/wp-content\\\/uploads\\\/2024\\\/09\\\/categoriaFuncionesEspecificas-1.png\",\"width\":512,\"height\":384},{\"@type\":\"BreadcrumbList\",\"@id\":\"https:\\\/\\\/ibercomp.com\\\/en\\\/product\\\/cold-storage-alarm\\\/#breadcrumb\",\"itemListElement\":[{\"@type\":\"ListItem\",\"position\":1,\"name\":\"Home\",\"item\":\"https:\\\/\\\/ibercomp.com\\\/en\\\/inicio\\\/\"},{\"@type\":\"ListItem\",\"position\":2,\"name\":\"SHOP\",\"item\":\"https:\\\/\\\/ibercomp.com\\\/en\\\/shop\\\/\"},{\"@type\":\"ListItem\",\"position\":3,\"name\":\"Cold Storage Alarm\"}]},{\"@type\":\"WebSite\",\"@id\":\"https:\\\/\\\/ibercomp.com\\\/#website\",\"url\":\"https:\\\/\\\/ibercomp.com\\\/\",\"name\":\"IBERCOMP\",\"description\":\"Dise\u00f1o y fabricaci\u00f3n de Equipos Electr\u00f3nicos basados en microcontrolador\",\"publisher\":{\"@id\":\"https:\\\/\\\/ibercomp.com\\\/#organization\"},\"potentialAction\":[{\"@type\":\"SearchAction\",\"target\":{\"@type\":\"EntryPoint\",\"urlTemplate\":\"https:\\\/\\\/ibercomp.com\\\/?s={search_term_string}\"},\"query-input\":{\"@type\":\"PropertyValueSpecification\",\"valueRequired\":true,\"valueName\":\"search_term_string\"}}],\"inLanguage\":\"en-US\"},{\"@type\":\"Organization\",\"@id\":\"https:\\\/\\\/ibercomp.com\\\/#organization\",\"name\":\"IBERCOMP\",\"url\":\"https:\\\/\\\/ibercomp.com\\\/\",\"logo\":{\"@type\":\"ImageObject\",\"inLanguage\":\"en-US\",\"@id\":\"https:\\\/\\\/ibercomp.com\\\/#\\\/schema\\\/logo\\\/image\\\/\",\"url\":\"https:\\\/\\\/ibercomp.com\\\/wp-content\\\/uploads\\\/2024\\\/04\\\/logo.png\",\"contentUrl\":\"https:\\\/\\\/ibercomp.com\\\/wp-content\\\/uploads\\\/2024\\\/04\\\/logo.png\",\"width\":301,\"height\":71,\"caption\":\"IBERCOMP\"},\"image\":{\"@id\":\"https:\\\/\\\/ibercomp.com\\\/#\\\/schema\\\/logo\\\/image\\\/\"}}]}<\/script>\n<!-- \/ Yoast SEO Premium plugin. -->","yoast_head_json":{"title":"Cold Storage Alarm - IBERCOMP","robots":{"index":"index","follow":"follow","max-snippet":"max-snippet:-1","max-image-preview":"max-image-preview:large","max-video-preview":"max-video-preview:-1"},"canonical":"https:\/\/ibercomp.com\/en\/product\/cold-storage-alarm\/","og_locale":"en_US","og_type":"article","og_title":"Cold Storage Alarm","og_description":"This cold room alarm is designed to effectively monitor door status and temperature, providing visual and audible alerts to maintain optimal conditions. The unit is powered by 12V to 24V DC power and features a Modbus port for remote configuration and monitoring.","og_url":"https:\/\/ibercomp.com\/en\/product\/cold-storage-alarm\/","og_site_name":"IBERCOMP","article_modified_time":"2025-01-30T09:00:57+00:00","og_image":[{"width":512,"height":384,"url":"https:\/\/ibercomp.com\/wp-content\/uploads\/2024\/09\/categoriaFuncionesEspecificas-1.png","type":"image\/png"}],"twitter_card":"summary_large_image","twitter_misc":{"Est. reading time":"2 minutes"},"schema":{"@context":"https:\/\/schema.org","@graph":[{"@type":"WebPage","@id":"https:\/\/ibercomp.com\/en\/product\/cold-storage-alarm\/","url":"https:\/\/ibercomp.com\/en\/product\/cold-storage-alarm\/","name":"Cold Storage Alarm - IBERCOMP","isPartOf":{"@id":"https:\/\/ibercomp.com\/#website"},"primaryImageOfPage":{"@id":"https:\/\/ibercomp.com\/en\/product\/cold-storage-alarm\/#primaryimage"},"image":{"@id":"https:\/\/ibercomp.com\/en\/product\/cold-storage-alarm\/#primaryimage"},"thumbnailUrl":"https:\/\/ibercomp.com\/wp-content\/uploads\/2024\/09\/categoriaFuncionesEspecificas-1.png","datePublished":"2024-07-26T08:23:52+00:00","dateModified":"2025-01-30T09:00:57+00:00","breadcrumb":{"@id":"https:\/\/ibercomp.com\/en\/product\/cold-storage-alarm\/#breadcrumb"},"inLanguage":"en-US","potentialAction":[{"@type":"ReadAction","target":["https:\/\/ibercomp.com\/en\/product\/cold-storage-alarm\/"]}]},{"@type":"ImageObject","inLanguage":"en-US","@id":"https:\/\/ibercomp.com\/en\/product\/cold-storage-alarm\/#primaryimage","url":"https:\/\/ibercomp.com\/wp-content\/uploads\/2024\/09\/categoriaFuncionesEspecificas-1.png","contentUrl":"https:\/\/ibercomp.com\/wp-content\/uploads\/2024\/09\/categoriaFuncionesEspecificas-1.png","width":512,"height":384},{"@type":"BreadcrumbList","@id":"https:\/\/ibercomp.com\/en\/product\/cold-storage-alarm\/#breadcrumb","itemListElement":[{"@type":"ListItem","position":1,"name":"Home","item":"https:\/\/ibercomp.com\/en\/inicio\/"},{"@type":"ListItem","position":2,"name":"SHOP","item":"https:\/\/ibercomp.com\/en\/shop\/"},{"@type":"ListItem","position":3,"name":"Cold Storage Alarm"}]},{"@type":"WebSite","@id":"https:\/\/ibercomp.com\/#website","url":"https:\/\/ibercomp.com\/","name":"IBERCOMP","description":"Dise\u00f1o y fabricaci\u00f3n de Equipos Electr\u00f3nicos basados en microcontrolador","publisher":{"@id":"https:\/\/ibercomp.com\/#organization"},"potentialAction":[{"@type":"SearchAction","target":{"@type":"EntryPoint","urlTemplate":"https:\/\/ibercomp.com\/?s={search_term_string}"},"query-input":{"@type":"PropertyValueSpecification","valueRequired":true,"valueName":"search_term_string"}}],"inLanguage":"en-US"},{"@type":"Organization","@id":"https:\/\/ibercomp.com\/#organization","name":"IBERCOMP","url":"https:\/\/ibercomp.com\/","logo":{"@type":"ImageObject","inLanguage":"en-US","@id":"https:\/\/ibercomp.com\/#\/schema\/logo\/image\/","url":"https:\/\/ibercomp.com\/wp-content\/uploads\/2024\/04\/logo.png","contentUrl":"https:\/\/ibercomp.com\/wp-content\/uploads\/2024\/04\/logo.png","width":301,"height":71,"caption":"IBERCOMP"},"image":{"@id":"https:\/\/ibercomp.com\/#\/schema\/logo\/image\/"}}]}},"_links":{"self":[{"href":"https:\/\/ibercomp.com\/en\/wp-json\/wp\/v2\/product\/2471","targetHints":{"allow":["GET"]}}],"collection":[{"href":"https:\/\/ibercomp.com\/en\/wp-json\/wp\/v2\/product"}],"about":[{"href":"https:\/\/ibercomp.com\/en\/wp-json\/wp\/v2\/types\/product"}],"wp:featuredmedia":[{"embeddable":true,"href":"https:\/\/ibercomp.com\/en\/wp-json\/wp\/v2\/media\/1936"}],"wp:attachment":[{"href":"https:\/\/ibercomp.com\/en\/wp-json\/wp\/v2\/media?parent=2471"}],"wp:term":[{"taxonomy":"product_brand","embeddable":true,"href":"https:\/\/ibercomp.com\/en\/wp-json\/wp\/v2\/product_brand?post=2471"},{"taxonomy":"product_cat","embeddable":true,"href":"https:\/\/ibercomp.com\/en\/wp-json\/wp\/v2\/product_cat?post=2471"},{"taxonomy":"product_tag","embeddable":true,"href":"https:\/\/ibercomp.com\/en\/wp-json\/wp\/v2\/product_tag?post=2471"}],"curies":[{"name":"wp","href":"https:\/\/api.w.org\/{rel}","templated":true}]}}