{"id":2396,"date":"2024-07-26T07:34:20","date_gmt":"2024-07-26T07:34:20","guid":{"rendered":"https:\/\/ibercomp.com\/producto\/modbus-tcp-8eda\/"},"modified":"2024-07-26T07:34:20","modified_gmt":"2024-07-26T07:34:20","slug":"modbus-tcp-8eda","status":"publish","type":"product","link":"https:\/\/ibercomp.com\/en\/product\/modbus-tcp-8eda\/","title":{"rendered":"Modbus TCP 8EDa"},"content":{"rendered":"<p>The defining characteristics are:<\/p>\n<ul>\n<li><strong>Dimensions<\/strong>: <strong>6-module DIN-rail<\/strong> enclosure, facilitating integration into electrical panels.<\/li>\n<li><strong>Power supply<\/strong>: Operates on a single <strong>24V<\/strong> power supply.<\/li>\n<li><strong>Digital Inputs<\/strong>: It has <strong>8 self-powered inputs<\/strong> that can be activated by short-circuiting their terminals, either with a switch or NPN element.<\/li>\n<li><strong>Inputs configuration<\/strong>: Possibility of configuring the inputs to act latching, avoiding the loss of pulses or edges.<\/li>\n<li><strong>Input Logic<\/strong>: Each input can be configured to act as negative or positive logic.<\/li>\n<li><strong>Filtering<\/strong>: Includes a low-pass filter to prevent noise and signal bounce.<\/li>\n<li><strong>Pulse Counter<\/strong>: Each input has a <strong>32-bit<\/strong> pulse counter, capable of counting up to a frequency of <strong>25 Hz<\/strong>. The values are maintained in the absence of current, thanks to its non-volatile memory. <\/li>\n<\/ul>\n<p>The <strong>ModBus TCP 8ED Module<\/strong> is ideal for applications requiring accurate and reliable control of digital inputs, with easy configuration through its integrated web server.<\/p>\n","protected":false},"excerpt":{"rendered":"<h3>ModBus TCP 8ED module<\/h3>\n<p>The <strong>ModBus TCP 8ED Module<\/strong> is a device designed for data acquisition through 8 self-powered digital inputs. This module allows the activation and deactivation of the inputs externally, offering a robust solution for industrial and commercial applications. <\/p>\n<h4><\/h4>\n","protected":false},"featured_media":2021,"template":"","meta":[],"product_brand":[],"product_cat":[183],"product_tag":[],"class_list":{"0":"post-2396","1":"product","2":"type-product","3":"status-publish","4":"has-post-thumbnail","6":"product_cat-modbus-tcp-en","8":"first","9":"instock","10":"taxable","11":"shipping-taxable","12":"purchasable","13":"product-type-simple"},"yoast_head":"<!-- This site is optimized with the Yoast SEO Premium plugin v25.6 (Yoast SEO v27.5) - https:\/\/yoast.com\/product\/yoast-seo-premium-wordpress\/ -->\n<title>Modbus TCP 8EDa - IBERCOMP<\/title>\n<meta name=\"robots\" content=\"index, follow, max-snippet:-1, max-image-preview:large, max-video-preview:-1\" \/>\n<link rel=\"canonical\" href=\"https:\/\/ibercomp.com\/producto\/modbus-tcp-8eda\/\" \/>\n<meta property=\"og:locale\" content=\"en_US\" \/>\n<meta property=\"og:type\" content=\"article\" \/>\n<meta property=\"og:title\" content=\"Modbus TCP 8EDa\" \/>\n<meta property=\"og:description\" content=\"ModBus TCP 8ED module The ModBus TCP 8ED Module is a device designed for data acquisition through 8 self-powered digital inputs. This module allows the activation and deactivation of the inputs externally, offering a robust solution for industrial and commercial applications.\" \/>\n<meta property=\"og:url\" content=\"https:\/\/ibercomp.com\/producto\/modbus-tcp-8eda\/\" \/>\n<meta property=\"og:site_name\" content=\"IBERCOMP\" \/>\n<meta property=\"og:image\" content=\"https:\/\/ibercomp.com\/wp-content\/uploads\/2024\/07\/ibdamETHt.png\" \/>\n\t<meta property=\"og:image:width\" content=\"512\" \/>\n\t<meta property=\"og:image:height\" content=\"384\" \/>\n\t<meta property=\"og:image:type\" content=\"image\/png\" \/>\n<meta name=\"twitter:card\" content=\"summary_large_image\" \/>\n<meta name=\"twitter:label1\" content=\"Est. reading time\" \/>\n\t<meta name=\"twitter:data1\" content=\"1 minute\" \/>\n<script type=\"application\/ld+json\" class=\"yoast-schema-graph\">{\"@context\":\"https:\\\/\\\/schema.org\",\"@graph\":[{\"@type\":\"WebPage\",\"@id\":\"https:\\\/\\\/ibercomp.com\\\/producto\\\/modbus-tcp-8eda\\\/\",\"url\":\"https:\\\/\\\/ibercomp.com\\\/producto\\\/modbus-tcp-8eda\\\/\",\"name\":\"Modbus TCP 8EDa - IBERCOMP\",\"isPartOf\":{\"@id\":\"https:\\\/\\\/ibercomp.com\\\/#website\"},\"primaryImageOfPage\":{\"@id\":\"https:\\\/\\\/ibercomp.com\\\/producto\\\/modbus-tcp-8eda\\\/#primaryimage\"},\"image\":{\"@id\":\"https:\\\/\\\/ibercomp.com\\\/producto\\\/modbus-tcp-8eda\\\/#primaryimage\"},\"thumbnailUrl\":\"https:\\\/\\\/ibercomp.com\\\/wp-content\\\/uploads\\\/2024\\\/07\\\/ibdamETHt.png\",\"datePublished\":\"2024-07-26T07:34:20+00:00\",\"breadcrumb\":{\"@id\":\"https:\\\/\\\/ibercomp.com\\\/producto\\\/modbus-tcp-8eda\\\/#breadcrumb\"},\"inLanguage\":\"en-US\",\"potentialAction\":[{\"@type\":\"ReadAction\",\"target\":[\"https:\\\/\\\/ibercomp.com\\\/producto\\\/modbus-tcp-8eda\\\/\"]}]},{\"@type\":\"ImageObject\",\"inLanguage\":\"en-US\",\"@id\":\"https:\\\/\\\/ibercomp.com\\\/producto\\\/modbus-tcp-8eda\\\/#primaryimage\",\"url\":\"https:\\\/\\\/ibercomp.com\\\/wp-content\\\/uploads\\\/2024\\\/07\\\/ibdamETHt.png\",\"contentUrl\":\"https:\\\/\\\/ibercomp.com\\\/wp-content\\\/uploads\\\/2024\\\/07\\\/ibdamETHt.png\",\"width\":512,\"height\":384},{\"@type\":\"BreadcrumbList\",\"@id\":\"https:\\\/\\\/ibercomp.com\\\/producto\\\/modbus-tcp-8eda\\\/#breadcrumb\",\"itemListElement\":[{\"@type\":\"ListItem\",\"position\":1,\"name\":\"Home\",\"item\":\"https:\\\/\\\/ibercomp.com\\\/en\\\/inicio\\\/\"},{\"@type\":\"ListItem\",\"position\":2,\"name\":\"SHOP\",\"item\":\"https:\\\/\\\/ibercomp.com\\\/en\\\/shop\\\/\"},{\"@type\":\"ListItem\",\"position\":3,\"name\":\"Modbus TCP 8EDa\"}]},{\"@type\":\"WebSite\",\"@id\":\"https:\\\/\\\/ibercomp.com\\\/#website\",\"url\":\"https:\\\/\\\/ibercomp.com\\\/\",\"name\":\"IBERCOMP\",\"description\":\"Dise\u00f1o y fabricaci\u00f3n de Equipos Electr\u00f3nicos basados en microcontrolador\",\"publisher\":{\"@id\":\"https:\\\/\\\/ibercomp.com\\\/#organization\"},\"potentialAction\":[{\"@type\":\"SearchAction\",\"target\":{\"@type\":\"EntryPoint\",\"urlTemplate\":\"https:\\\/\\\/ibercomp.com\\\/?s={search_term_string}\"},\"query-input\":{\"@type\":\"PropertyValueSpecification\",\"valueRequired\":true,\"valueName\":\"search_term_string\"}}],\"inLanguage\":\"en-US\"},{\"@type\":\"Organization\",\"@id\":\"https:\\\/\\\/ibercomp.com\\\/#organization\",\"name\":\"IBERCOMP\",\"url\":\"https:\\\/\\\/ibercomp.com\\\/\",\"logo\":{\"@type\":\"ImageObject\",\"inLanguage\":\"en-US\",\"@id\":\"https:\\\/\\\/ibercomp.com\\\/#\\\/schema\\\/logo\\\/image\\\/\",\"url\":\"https:\\\/\\\/ibercomp.com\\\/wp-content\\\/uploads\\\/2024\\\/04\\\/logo.png\",\"contentUrl\":\"https:\\\/\\\/ibercomp.com\\\/wp-content\\\/uploads\\\/2024\\\/04\\\/logo.png\",\"width\":301,\"height\":71,\"caption\":\"IBERCOMP\"},\"image\":{\"@id\":\"https:\\\/\\\/ibercomp.com\\\/#\\\/schema\\\/logo\\\/image\\\/\"}}]}<\/script>\n<!-- \/ Yoast SEO Premium plugin. -->","yoast_head_json":{"title":"Modbus TCP 8EDa - IBERCOMP","robots":{"index":"index","follow":"follow","max-snippet":"max-snippet:-1","max-image-preview":"max-image-preview:large","max-video-preview":"max-video-preview:-1"},"canonical":"https:\/\/ibercomp.com\/producto\/modbus-tcp-8eda\/","og_locale":"en_US","og_type":"article","og_title":"Modbus TCP 8EDa","og_description":"ModBus TCP 8ED module The ModBus TCP 8ED Module is a device designed for data acquisition through 8 self-powered digital inputs. This module allows the activation and deactivation of the inputs externally, offering a robust solution for industrial and commercial applications.","og_url":"https:\/\/ibercomp.com\/producto\/modbus-tcp-8eda\/","og_site_name":"IBERCOMP","og_image":[{"width":512,"height":384,"url":"https:\/\/ibercomp.com\/wp-content\/uploads\/2024\/07\/ibdamETHt.png","type":"image\/png"}],"twitter_card":"summary_large_image","twitter_misc":{"Est. reading time":"1 minute"},"schema":{"@context":"https:\/\/schema.org","@graph":[{"@type":"WebPage","@id":"https:\/\/ibercomp.com\/producto\/modbus-tcp-8eda\/","url":"https:\/\/ibercomp.com\/producto\/modbus-tcp-8eda\/","name":"Modbus TCP 8EDa - IBERCOMP","isPartOf":{"@id":"https:\/\/ibercomp.com\/#website"},"primaryImageOfPage":{"@id":"https:\/\/ibercomp.com\/producto\/modbus-tcp-8eda\/#primaryimage"},"image":{"@id":"https:\/\/ibercomp.com\/producto\/modbus-tcp-8eda\/#primaryimage"},"thumbnailUrl":"https:\/\/ibercomp.com\/wp-content\/uploads\/2024\/07\/ibdamETHt.png","datePublished":"2024-07-26T07:34:20+00:00","breadcrumb":{"@id":"https:\/\/ibercomp.com\/producto\/modbus-tcp-8eda\/#breadcrumb"},"inLanguage":"en-US","potentialAction":[{"@type":"ReadAction","target":["https:\/\/ibercomp.com\/producto\/modbus-tcp-8eda\/"]}]},{"@type":"ImageObject","inLanguage":"en-US","@id":"https:\/\/ibercomp.com\/producto\/modbus-tcp-8eda\/#primaryimage","url":"https:\/\/ibercomp.com\/wp-content\/uploads\/2024\/07\/ibdamETHt.png","contentUrl":"https:\/\/ibercomp.com\/wp-content\/uploads\/2024\/07\/ibdamETHt.png","width":512,"height":384},{"@type":"BreadcrumbList","@id":"https:\/\/ibercomp.com\/producto\/modbus-tcp-8eda\/#breadcrumb","itemListElement":[{"@type":"ListItem","position":1,"name":"Home","item":"https:\/\/ibercomp.com\/en\/inicio\/"},{"@type":"ListItem","position":2,"name":"SHOP","item":"https:\/\/ibercomp.com\/en\/shop\/"},{"@type":"ListItem","position":3,"name":"Modbus TCP 8EDa"}]},{"@type":"WebSite","@id":"https:\/\/ibercomp.com\/#website","url":"https:\/\/ibercomp.com\/","name":"IBERCOMP","description":"Dise\u00f1o y fabricaci\u00f3n de Equipos Electr\u00f3nicos basados en microcontrolador","publisher":{"@id":"https:\/\/ibercomp.com\/#organization"},"potentialAction":[{"@type":"SearchAction","target":{"@type":"EntryPoint","urlTemplate":"https:\/\/ibercomp.com\/?s={search_term_string}"},"query-input":{"@type":"PropertyValueSpecification","valueRequired":true,"valueName":"search_term_string"}}],"inLanguage":"en-US"},{"@type":"Organization","@id":"https:\/\/ibercomp.com\/#organization","name":"IBERCOMP","url":"https:\/\/ibercomp.com\/","logo":{"@type":"ImageObject","inLanguage":"en-US","@id":"https:\/\/ibercomp.com\/#\/schema\/logo\/image\/","url":"https:\/\/ibercomp.com\/wp-content\/uploads\/2024\/04\/logo.png","contentUrl":"https:\/\/ibercomp.com\/wp-content\/uploads\/2024\/04\/logo.png","width":301,"height":71,"caption":"IBERCOMP"},"image":{"@id":"https:\/\/ibercomp.com\/#\/schema\/logo\/image\/"}}]}},"_links":{"self":[{"href":"https:\/\/ibercomp.com\/en\/wp-json\/wp\/v2\/product\/2396","targetHints":{"allow":["GET"]}}],"collection":[{"href":"https:\/\/ibercomp.com\/en\/wp-json\/wp\/v2\/product"}],"about":[{"href":"https:\/\/ibercomp.com\/en\/wp-json\/wp\/v2\/types\/product"}],"wp:featuredmedia":[{"embeddable":true,"href":"https:\/\/ibercomp.com\/en\/wp-json\/wp\/v2\/media\/2021"}],"wp:attachment":[{"href":"https:\/\/ibercomp.com\/en\/wp-json\/wp\/v2\/media?parent=2396"}],"wp:term":[{"taxonomy":"product_brand","embeddable":true,"href":"https:\/\/ibercomp.com\/en\/wp-json\/wp\/v2\/product_brand?post=2396"},{"taxonomy":"product_cat","embeddable":true,"href":"https:\/\/ibercomp.com\/en\/wp-json\/wp\/v2\/product_cat?post=2396"},{"taxonomy":"product_tag","embeddable":true,"href":"https:\/\/ibercomp.com\/en\/wp-json\/wp\/v2\/product_tag?post=2396"}],"curies":[{"name":"wp","href":"https:\/\/api.w.org\/{rel}","templated":true}]}}