{"id":2821,"date":"2026-04-21T09:20:58","date_gmt":"2026-04-21T09:20:58","guid":{"rendered":"https:\/\/ibercomp.com\/?page_id=2821"},"modified":"2026-04-21T09:20:58","modified_gmt":"2026-04-21T09:20:58","slug":"cookies-2","status":"publish","type":"page","link":"https:\/\/ibercomp.com\/en\/cookies-2\/","title":{"rendered":"COOKIES"},"content":{"rendered":"<p>What is a cookie? A cookie is a file that is downloaded to a device (computer or cell phone) when accessing certain web pages. Cookies allow a website, among other things, to store and retrieve information about the browsing habits of a user or a computer and, depending on the information they contain and the way you use your computer, can be used to recognize the user. Cookies used by this website<\/p>\n<ul>\n<li>Security cookies: allows users to be authenticated to protect data from unauthorized third parties.<\/li>\n<li>Analytical Cookies: are those that allow the person responsible for them to monitor and analyze the behavior of users of the website.<\/li>\n<li>Session cookies: these are a type of cookie designed to collect and store data while the user accesses the website.<\/li>\n<li>Persistent cookies: these are a type of cookie in which the data remains stored in the terminal and can be accessed and processed for a defined period of time by the party responsible for the cookie.<\/li>\n<\/ul>\n<p>Block and delete cookies You can allow, block or delete cookies installed on your computer by configuring the options of the browser installed on your computer.<br \/>\n\u00d8 For more information on how to block and delete the use of cookies with the Firefox browser click <a href=\"https:\/\/support.mozilla.org\/es\/kb\/impedir-que-los-sitios-web-guarden-sus-preferencia\">here <\/a>.<br \/>\n\u00d8 For more information on how to block and delete the use of cookies in the Google Chrome browser click <a href=\"https:\/\/support.google.com\/chrome\/answer\/95647?hl=es\">here <\/a>.<br \/>\n\u00d8 For more information on how to block and delete the use of cookies with the Internet Explorer browser click <a href=\"http:\/\/windows.microsoft.com\/es-es\/windows7\/how-to-manage-cookies-in-internet-explorer-9\">here <\/a>. Detail of cookies<\/p>\n<table border=\"1\" width=\"1160\" cellspacing=\"0\" cellpadding=\"0\">\n<tbody>\n<tr>\n<td width=\"88\">NAME<\/td>\n<td width=\"179\">TYPE\/FINALITY<\/td>\n<td width=\"97\">EXPIRATION<\/td>\n<td width=\"90\">HOLDER<\/td>\n<td width=\"127\">MORE INFORMATION<\/td>\n<\/tr>\n<tr>\n<td width=\"88\">SID<\/td>\n<td width=\"179\">Security Cookie<\/td>\n<td width=\"97\">At the end of the browsing session<\/td>\n<td width=\"90\">Google<\/td>\n<td width=\"127\"><a href=\"http:\/\/www.google.com\/intl\/es\/policies\/privacy\/\">Google Privacy Policy<\/a><\/td>\n<\/tr>\n<tr>\n<td width=\"88\">__utma<\/td>\n<td width=\"179\">Analytical cookie: collects information about the user&#8217;s visits to the website.<\/td>\n<td width=\"97\">In two years<\/td>\n<td width=\"90\">Google analytics<\/td>\n<td width=\"127\"><a href=\"http:\/\/www.google.com\/intl\/es\/policies\/privacy\/\">Google privacy policy<\/a><\/td>\n<\/tr>\n<tr>\n<td width=\"88\">__utmb<\/td>\n<td width=\"179\">Analytical Cookie: collects information from the moment the user enters the website.<\/td>\n<td width=\"97\">In 30 minutes<\/td>\n<td width=\"90\">Google analytics<\/td>\n<td width=\"127\"><a href=\"http:\/\/www.google.com\/intl\/es\/policies\/privacy\/\">Google privacy policy<\/a><\/td>\n<\/tr>\n<tr>\n<td width=\"88\">__utmc<\/td>\n<td width=\"179\">Analytical cookie: collects information when the user leaves the website.<\/td>\n<td width=\"97\">At the end of the browser session<\/td>\n<td width=\"90\">Google analytics<\/td>\n<td width=\"127\"><a href=\"http:\/\/www.google.com\/intl\/es\/policies\/privacy\/\">Google privacy policy<\/a><\/td>\n<\/tr>\n<tr>\n<td width=\"88\">__utmz<\/td>\n<td width=\"179\">Analytical cookie: collects information about how the user has found the website.<\/td>\n<td width=\"97\">In 6 months<\/td>\n<td width=\"90\">Google analytics<\/td>\n<td width=\"127\"><a href=\"http:\/\/www.google.com\/intl\/es\/policies\/privacy\/\">Google privacy policy<\/a><\/td>\n<\/tr>\n<\/tbody>\n<\/table>\n","protected":false},"excerpt":{"rendered":"<p>What is a cookie? A cookie is a file that is downloaded to a device (computer or cell phone) when accessing certain web pages. Cookies allow a website, among other&#8230;<\/p>\n","protected":false},"author":6,"featured_media":0,"parent":0,"menu_order":0,"comment_status":"closed","ping_status":"closed","template":"","meta":{"footnotes":""},"class_list":["post-2821","page","type-page","status-publish"],"yoast_head":"<!-- This site is optimized with the Yoast SEO Premium plugin v25.6 (Yoast SEO v27.4) - https:\/\/yoast.com\/product\/yoast-seo-premium-wordpress\/ -->\n<title>COOKIES - IBERCOMP<\/title>\n<meta name=\"robots\" content=\"index, follow, max-snippet:-1, max-image-preview:large, max-video-preview:-1\" \/>\n<link rel=\"canonical\" href=\"https:\/\/ibercomp.com\/cookies\/\" \/>\n<meta property=\"og:locale\" content=\"en_US\" \/>\n<meta property=\"og:type\" content=\"article\" \/>\n<meta property=\"og:title\" content=\"COOKIES\" \/>\n<meta property=\"og:description\" content=\"What is a cookie? A cookie is a file that is downloaded to a device (computer or cell phone) when accessing certain web pages. Cookies allow a website, among other...\" \/>\n<meta property=\"og:url\" content=\"https:\/\/ibercomp.com\/cookies\/\" \/>\n<meta property=\"og:site_name\" content=\"IBERCOMP\" \/>\n<meta name=\"twitter:card\" content=\"summary_large_image\" \/>\n<meta name=\"twitter:label1\" content=\"Est. reading time\" \/>\n\t<meta name=\"twitter:data1\" content=\"2 minutes\" \/>\n<script type=\"application\/ld+json\" class=\"yoast-schema-graph\">{\"@context\":\"https:\\\/\\\/schema.org\",\"@graph\":[{\"@type\":\"WebPage\",\"@id\":\"https:\\\/\\\/ibercomp.com\\\/cookies\\\/\",\"url\":\"https:\\\/\\\/ibercomp.com\\\/cookies\\\/\",\"name\":\"COOKIES - IBERCOMP\",\"isPartOf\":{\"@id\":\"https:\\\/\\\/ibercomp.com\\\/#website\"},\"datePublished\":\"2026-04-21T09:20:58+00:00\",\"breadcrumb\":{\"@id\":\"https:\\\/\\\/ibercomp.com\\\/cookies\\\/#breadcrumb\"},\"inLanguage\":\"en-US\",\"potentialAction\":[{\"@type\":\"ReadAction\",\"target\":[\"https:\\\/\\\/ibercomp.com\\\/cookies\\\/\"]}]},{\"@type\":\"BreadcrumbList\",\"@id\":\"https:\\\/\\\/ibercomp.com\\\/cookies\\\/#breadcrumb\",\"itemListElement\":[{\"@type\":\"ListItem\",\"position\":1,\"name\":\"Home\",\"item\":\"https:\\\/\\\/ibercomp.com\\\/en\\\/inicio\\\/\"},{\"@type\":\"ListItem\",\"position\":2,\"name\":\"COOKIES\"}]},{\"@type\":\"WebSite\",\"@id\":\"https:\\\/\\\/ibercomp.com\\\/#website\",\"url\":\"https:\\\/\\\/ibercomp.com\\\/\",\"name\":\"IBERCOMP\",\"description\":\"Dise\u00f1o y fabricaci\u00f3n de Equipos Electr\u00f3nicos basados en microcontrolador\",\"publisher\":{\"@id\":\"https:\\\/\\\/ibercomp.com\\\/#organization\"},\"potentialAction\":[{\"@type\":\"SearchAction\",\"target\":{\"@type\":\"EntryPoint\",\"urlTemplate\":\"https:\\\/\\\/ibercomp.com\\\/?s={search_term_string}\"},\"query-input\":{\"@type\":\"PropertyValueSpecification\",\"valueRequired\":true,\"valueName\":\"search_term_string\"}}],\"inLanguage\":\"en-US\"},{\"@type\":\"Organization\",\"@id\":\"https:\\\/\\\/ibercomp.com\\\/#organization\",\"name\":\"IBERCOMP\",\"url\":\"https:\\\/\\\/ibercomp.com\\\/\",\"logo\":{\"@type\":\"ImageObject\",\"inLanguage\":\"en-US\",\"@id\":\"https:\\\/\\\/ibercomp.com\\\/#\\\/schema\\\/logo\\\/image\\\/\",\"url\":\"https:\\\/\\\/ibercomp.com\\\/wp-content\\\/uploads\\\/2024\\\/04\\\/logo.png\",\"contentUrl\":\"https:\\\/\\\/ibercomp.com\\\/wp-content\\\/uploads\\\/2024\\\/04\\\/logo.png\",\"width\":301,\"height\":71,\"caption\":\"IBERCOMP\"},\"image\":{\"@id\":\"https:\\\/\\\/ibercomp.com\\\/#\\\/schema\\\/logo\\\/image\\\/\"}}]}<\/script>\n<!-- \/ Yoast SEO Premium plugin. -->","yoast_head_json":{"title":"COOKIES - IBERCOMP","robots":{"index":"index","follow":"follow","max-snippet":"max-snippet:-1","max-image-preview":"max-image-preview:large","max-video-preview":"max-video-preview:-1"},"canonical":"https:\/\/ibercomp.com\/cookies\/","og_locale":"en_US","og_type":"article","og_title":"COOKIES","og_description":"What is a cookie? A cookie is a file that is downloaded to a device (computer or cell phone) when accessing certain web pages. Cookies allow a website, among other...","og_url":"https:\/\/ibercomp.com\/cookies\/","og_site_name":"IBERCOMP","twitter_card":"summary_large_image","twitter_misc":{"Est. reading time":"2 minutes"},"schema":{"@context":"https:\/\/schema.org","@graph":[{"@type":"WebPage","@id":"https:\/\/ibercomp.com\/cookies\/","url":"https:\/\/ibercomp.com\/cookies\/","name":"COOKIES - IBERCOMP","isPartOf":{"@id":"https:\/\/ibercomp.com\/#website"},"datePublished":"2026-04-21T09:20:58+00:00","breadcrumb":{"@id":"https:\/\/ibercomp.com\/cookies\/#breadcrumb"},"inLanguage":"en-US","potentialAction":[{"@type":"ReadAction","target":["https:\/\/ibercomp.com\/cookies\/"]}]},{"@type":"BreadcrumbList","@id":"https:\/\/ibercomp.com\/cookies\/#breadcrumb","itemListElement":[{"@type":"ListItem","position":1,"name":"Home","item":"https:\/\/ibercomp.com\/en\/inicio\/"},{"@type":"ListItem","position":2,"name":"COOKIES"}]},{"@type":"WebSite","@id":"https:\/\/ibercomp.com\/#website","url":"https:\/\/ibercomp.com\/","name":"IBERCOMP","description":"Dise\u00f1o y fabricaci\u00f3n de Equipos Electr\u00f3nicos basados en microcontrolador","publisher":{"@id":"https:\/\/ibercomp.com\/#organization"},"potentialAction":[{"@type":"SearchAction","target":{"@type":"EntryPoint","urlTemplate":"https:\/\/ibercomp.com\/?s={search_term_string}"},"query-input":{"@type":"PropertyValueSpecification","valueRequired":true,"valueName":"search_term_string"}}],"inLanguage":"en-US"},{"@type":"Organization","@id":"https:\/\/ibercomp.com\/#organization","name":"IBERCOMP","url":"https:\/\/ibercomp.com\/","logo":{"@type":"ImageObject","inLanguage":"en-US","@id":"https:\/\/ibercomp.com\/#\/schema\/logo\/image\/","url":"https:\/\/ibercomp.com\/wp-content\/uploads\/2024\/04\/logo.png","contentUrl":"https:\/\/ibercomp.com\/wp-content\/uploads\/2024\/04\/logo.png","width":301,"height":71,"caption":"IBERCOMP"},"image":{"@id":"https:\/\/ibercomp.com\/#\/schema\/logo\/image\/"}}]}},"_links":{"self":[{"href":"https:\/\/ibercomp.com\/en\/wp-json\/wp\/v2\/pages\/2821","targetHints":{"allow":["GET"]}}],"collection":[{"href":"https:\/\/ibercomp.com\/en\/wp-json\/wp\/v2\/pages"}],"about":[{"href":"https:\/\/ibercomp.com\/en\/wp-json\/wp\/v2\/types\/page"}],"author":[{"embeddable":true,"href":"https:\/\/ibercomp.com\/en\/wp-json\/wp\/v2\/users\/6"}],"replies":[{"embeddable":true,"href":"https:\/\/ibercomp.com\/en\/wp-json\/wp\/v2\/comments?post=2821"}],"version-history":[{"count":1,"href":"https:\/\/ibercomp.com\/en\/wp-json\/wp\/v2\/pages\/2821\/revisions"}],"predecessor-version":[{"id":2823,"href":"https:\/\/ibercomp.com\/en\/wp-json\/wp\/v2\/pages\/2821\/revisions\/2823"}],"wp:attachment":[{"href":"https:\/\/ibercomp.com\/en\/wp-json\/wp\/v2\/media?parent=2821"}],"curies":[{"name":"wp","href":"https:\/\/api.w.org\/{rel}","templated":true}]}}